{"id":9827,"date":"2025-04-11T11:34:40","date_gmt":"2025-04-11T11:34:40","guid":{"rendered":"https:\/\/www.trik.de\/?post_type=product&#038;p=9827"},"modified":"2025-04-11T11:34:40","modified_gmt":"2025-04-11T11:34:40","slug":"handwerkerstifte","status":"publish","type":"product","link":"https:\/\/www.trik.de\/en\/produkt\/handwerkerstifte\/","title":{"rendered":"Handwerkerstifte"},"content":{"rendered":"","protected":false},"excerpt":{"rendered":"<p>Ob Zimmermannsbleistift, Steinhauerstift oder 3-Kant-Multigrafstift \u2013 unsere Auswahl an hochwertigen Stiften ist auf die Bed\u00fcrfnisse von Handwerkern zugeschnitten. Die Stifte werden in ovaler oder eckig-ovaler Form angeboten und eignen sich je nach Ausf\u00fchrung zum Schreiben auf Holz aber auch auf por\u00f6sen und rauen Untergr\u00fcnden wie Beton, Stein, Ziegel und Putz. Der 3-Kant-Multigrafstift ger\u00e4t wegen seiner besonderen Form nicht so schnell ins Rollen und ist wegen seine weichen Mine, die das Schreiben auch auf nassem Untergrund zul\u00e4sst, bei vielen Handwerksgruppen gefragt.<\/p>\n<p>Personalisieren Sie diese unverzichtbaren Werkzeuge mit Ihrem Logo, um Ihre Marke bei jedem Einsatz pr\u00e4sent zu machen.<\/p>\n<p>Mindestauflage 300 St\u00fcck<\/p>\n<p>&nbsp;<\/p>\n<p style=\"text-align: center;\">[button color=\"accent-color\" hover_text_color_override=\"#fff\" size=\"large\" url=\"\/newsletter-anfrage\/\" text=\"Produkt anfragen\" color_override=\"\"]<\/p>\n","protected":false},"featured_media":9851,"template":"","meta":[],"product_brand":[],"product_cat":[68],"product_tag":[],"class_list":{"0":"post-9827","1":"product","2":"type-product","3":"status-publish","4":"has-post-thumbnail","6":"product_cat-newsletter","8":"first","9":"instock","10":"shipping-taxable","11":"product-type-simple"},"_links":{"self":[{"href":"https:\/\/www.trik.de\/en\/wp-json\/wp\/v2\/product\/9827","targetHints":{"allow":["GET"]}}],"collection":[{"href":"https:\/\/www.trik.de\/en\/wp-json\/wp\/v2\/product"}],"about":[{"href":"https:\/\/www.trik.de\/en\/wp-json\/wp\/v2\/types\/product"}],"wp:featuredmedia":[{"embeddable":true,"href":"https:\/\/www.trik.de\/en\/wp-json\/wp\/v2\/media\/9851"}],"wp:attachment":[{"href":"https:\/\/www.trik.de\/en\/wp-json\/wp\/v2\/media?parent=9827"}],"wp:term":[{"taxonomy":"product_brand","embeddable":true,"href":"https:\/\/www.trik.de\/en\/wp-json\/wp\/v2\/product_brand?post=9827"},{"taxonomy":"product_cat","embeddable":true,"href":"https:\/\/www.trik.de\/en\/wp-json\/wp\/v2\/product_cat?post=9827"},{"taxonomy":"product_tag","embeddable":true,"href":"https:\/\/www.trik.de\/en\/wp-json\/wp\/v2\/product_tag?post=9827"}],"curies":[{"name":"wp","href":"https:\/\/api.w.org\/{rel}","templated":true}]}}