{"id":9789,"date":"2025-04-02T08:47:06","date_gmt":"2025-04-02T08:47:06","guid":{"rendered":"https:\/\/www.trik.de\/?post_type=product&#038;p=9789"},"modified":"2025-04-02T08:47:06","modified_gmt":"2025-04-02T08:47:06","slug":"holzpuzzle","status":"publish","type":"product","link":"https:\/\/www.trik.de\/en\/produkt\/holzpuzzle\/","title":{"rendered":"Holzpuzzle"},"content":{"rendered":"","protected":false},"excerpt":{"rendered":"<p>Spielerisches Lernen ist f\u00fcr die Entwicklung von Kindern essenziell. Generell Holzspiele und Holzpuzzle sind nicht nur unterhaltsam, sondern f\u00f6rdern auch die kognitiven F\u00e4higkeiten der Kleinen. Da uns Nachhaltigkeit am Herzen liegt, verwenden wir FSC-zertifiziertes Holz. So k\u00f6nnen Sie sicher sein, dass Sie ein umweltfreundliches und langlebiges Produkt verschenken.<\/p>\n<p>Mindestauflage 100 St\u00fcck<\/p>\n<p>&nbsp;<\/p>\n<p style=\"text-align: center;\">[button color=\"accent-color\" hover_text_color_override=\"#fff\" size=\"large\" url=\"\/newsletter-anfrage\/\" text=\"Produkt anfragen\" color_override=\"\"]<\/p>\n","protected":false},"featured_media":9796,"template":"","meta":[],"product_brand":[],"product_cat":[68],"product_tag":[],"class_list":{"0":"post-9789","1":"product","2":"type-product","3":"status-publish","4":"has-post-thumbnail","6":"product_cat-newsletter","8":"first","9":"instock","10":"shipping-taxable","11":"product-type-simple"},"_links":{"self":[{"href":"https:\/\/www.trik.de\/en\/wp-json\/wp\/v2\/product\/9789","targetHints":{"allow":["GET"]}}],"collection":[{"href":"https:\/\/www.trik.de\/en\/wp-json\/wp\/v2\/product"}],"about":[{"href":"https:\/\/www.trik.de\/en\/wp-json\/wp\/v2\/types\/product"}],"wp:featuredmedia":[{"embeddable":true,"href":"https:\/\/www.trik.de\/en\/wp-json\/wp\/v2\/media\/9796"}],"wp:attachment":[{"href":"https:\/\/www.trik.de\/en\/wp-json\/wp\/v2\/media?parent=9789"}],"wp:term":[{"taxonomy":"product_brand","embeddable":true,"href":"https:\/\/www.trik.de\/en\/wp-json\/wp\/v2\/product_brand?post=9789"},{"taxonomy":"product_cat","embeddable":true,"href":"https:\/\/www.trik.de\/en\/wp-json\/wp\/v2\/product_cat?post=9789"},{"taxonomy":"product_tag","embeddable":true,"href":"https:\/\/www.trik.de\/en\/wp-json\/wp\/v2\/product_tag?post=9789"}],"curies":[{"name":"wp","href":"https:\/\/api.w.org\/{rel}","templated":true}]}}