{"id":9788,"date":"2025-04-02T08:46:44","date_gmt":"2025-04-02T08:46:44","guid":{"rendered":"https:\/\/www.trik.de\/?post_type=product&#038;p=9788"},"modified":"2025-04-02T08:49:21","modified_gmt":"2025-04-02T08:49:21","slug":"bemalbarer-kinderrucksack","status":"publish","type":"product","link":"https:\/\/www.trik.de\/en\/produkt\/bemalbarer-kinderrucksack\/","title":{"rendered":"Bemalbarer Kinderrucksack"},"content":{"rendered":"","protected":false},"excerpt":{"rendered":"<p>Kreativit\u00e4t kennt keine Grenzen! Mit bemalbaren Zugbeuteltaschen k\u00f6nnen kleine K\u00fcnstler ihrer Fantasie freien Lauf lassen. Die indivduell gebrandeten Taschen werden mit Wachsmalstiften geliefert, sodass die Kinder sofort loslegen k\u00f6nnen.<\/p>\n<p>Mindestauflage 100 St\u00fcck<\/p>\n<p>&nbsp;<\/p>\n<p style=\"text-align: center;\">[button color=\"accent-color\" hover_text_color_override=\"#fff\" size=\"large\" url=\"\/newsletter-anfrage\/\" text=\"Produkt anfragen\" color_override=\"\"]<\/p>\n","protected":false},"featured_media":9790,"template":"","meta":[],"product_brand":[],"product_cat":[68],"product_tag":[],"class_list":{"0":"post-9788","1":"product","2":"type-product","3":"status-publish","4":"has-post-thumbnail","6":"product_cat-newsletter","8":"first","9":"instock","10":"shipping-taxable","11":"product-type-simple"},"_links":{"self":[{"href":"https:\/\/www.trik.de\/en\/wp-json\/wp\/v2\/product\/9788","targetHints":{"allow":["GET"]}}],"collection":[{"href":"https:\/\/www.trik.de\/en\/wp-json\/wp\/v2\/product"}],"about":[{"href":"https:\/\/www.trik.de\/en\/wp-json\/wp\/v2\/types\/product"}],"wp:featuredmedia":[{"embeddable":true,"href":"https:\/\/www.trik.de\/en\/wp-json\/wp\/v2\/media\/9790"}],"wp:attachment":[{"href":"https:\/\/www.trik.de\/en\/wp-json\/wp\/v2\/media?parent=9788"}],"wp:term":[{"taxonomy":"product_brand","embeddable":true,"href":"https:\/\/www.trik.de\/en\/wp-json\/wp\/v2\/product_brand?post=9788"},{"taxonomy":"product_cat","embeddable":true,"href":"https:\/\/www.trik.de\/en\/wp-json\/wp\/v2\/product_cat?post=9788"},{"taxonomy":"product_tag","embeddable":true,"href":"https:\/\/www.trik.de\/en\/wp-json\/wp\/v2\/product_tag?post=9788"}],"curies":[{"name":"wp","href":"https:\/\/api.w.org\/{rel}","templated":true}]}}