{"id":9787,"date":"2025-04-02T08:46:22","date_gmt":"2025-04-02T08:46:22","guid":{"rendered":"https:\/\/www.trik.de\/?post_type=product&#038;p=9787"},"modified":"2025-04-02T08:46:22","modified_gmt":"2025-04-02T08:46:22","slug":"flauschige-baby-kapuzenhandtuecher","status":"publish","type":"product","link":"https:\/\/www.trik.de\/en\/produkt\/flauschige-baby-kapuzenhandtuecher\/","title":{"rendered":"Flauschige Baby-Kapuzenhandt\u00fccher"},"content":{"rendered":"","protected":false},"excerpt":{"rendered":"<p>Nach dem Baden ist es wichtig, dass die Kleinen schnell und sanft getrocknet werden. Unsere Baby-Kapuzenhandt\u00fccher sind daf\u00fcr perfekt geeignet. Sie sind nicht nur besonders flauschig und saugf\u00e4hig, sondern werden individuell mit Ihren liebevollen Motiven, Logos und Claims versehen, die kleine Abenteurer und Zahnputzhelden begeistern. So wird das Abtrocknen zum Vergn\u00fcgen.<\/p>\n<p>Mindestauflage 100 St\u00fcck<\/p>\n<p>&nbsp;<\/p>\n<p style=\"text-align: center;\">[button color=\"accent-color\" hover_text_color_override=\"#fff\" size=\"large\" url=\"\/newsletter-anfrage\/\" text=\"Produkt anfragen\" color_override=\"\"]<\/p>\n","protected":false},"featured_media":9802,"template":"","meta":[],"product_brand":[],"product_cat":[68],"product_tag":[],"class_list":{"0":"post-9787","1":"product","2":"type-product","3":"status-publish","4":"has-post-thumbnail","6":"product_cat-newsletter","8":"first","9":"instock","10":"shipping-taxable","11":"product-type-simple"},"_links":{"self":[{"href":"https:\/\/www.trik.de\/en\/wp-json\/wp\/v2\/product\/9787","targetHints":{"allow":["GET"]}}],"collection":[{"href":"https:\/\/www.trik.de\/en\/wp-json\/wp\/v2\/product"}],"about":[{"href":"https:\/\/www.trik.de\/en\/wp-json\/wp\/v2\/types\/product"}],"wp:featuredmedia":[{"embeddable":true,"href":"https:\/\/www.trik.de\/en\/wp-json\/wp\/v2\/media\/9802"}],"wp:attachment":[{"href":"https:\/\/www.trik.de\/en\/wp-json\/wp\/v2\/media?parent=9787"}],"wp:term":[{"taxonomy":"product_brand","embeddable":true,"href":"https:\/\/www.trik.de\/en\/wp-json\/wp\/v2\/product_brand?post=9787"},{"taxonomy":"product_cat","embeddable":true,"href":"https:\/\/www.trik.de\/en\/wp-json\/wp\/v2\/product_cat?post=9787"},{"taxonomy":"product_tag","embeddable":true,"href":"https:\/\/www.trik.de\/en\/wp-json\/wp\/v2\/product_tag?post=9787"}],"curies":[{"name":"wp","href":"https:\/\/api.w.org\/{rel}","templated":true}]}}