{"id":9786,"date":"2025-04-02T08:46:00","date_gmt":"2025-04-02T08:46:00","guid":{"rendered":"https:\/\/www.trik.de\/?post_type=product&#038;p=9786"},"modified":"2025-04-02T09:03:22","modified_gmt":"2025-04-02T09:03:22","slug":"kuschelige-baby-bodies-und-pyjamas","status":"publish","type":"product","link":"https:\/\/www.trik.de\/en\/produkt\/kuschelige-baby-bodies-und-pyjamas\/","title":{"rendered":"Kuschelige Baby-Bodies und Pyjamas"},"content":{"rendered":"","protected":false},"excerpt":{"rendered":"<p>Babyhaut ist zart und verdient nur die besten Materialien. Daher bieten wir Baby-Bodies und Pyjamas in verschiedenen hochwertigen Qualit\u00e4ten und Ausf\u00fchrungen an. Ob Bio-Baumwolle oder andere sanfte Stoffe \u2013 wir haben f\u00fcr jeden Bedarf das Passende. Und das Beste: Wir veredeln diese Kleidungsst\u00fccke mit Ihrem Logo oder individuellen Designs, sodass sie zu einem besonderen Werbetr\u00e4ger werden.<\/p>\n<p>Mindestauflage 100 St\u00fcck<\/p>\n<p>&nbsp;<\/p>\n<p style=\"text-align: center;\">[button color=\"accent-color\" hover_text_color_override=\"#fff\" size=\"large\" url=\"\/newsletter-anfrage\/\" text=\"Produkt anfragen\" color_override=\"\"]<\/p>\n","protected":false},"featured_media":9821,"template":"","meta":[],"product_brand":[],"product_cat":[68],"product_tag":[],"class_list":{"0":"post-9786","1":"product","2":"type-product","3":"status-publish","4":"has-post-thumbnail","6":"product_cat-newsletter","8":"first","9":"instock","10":"shipping-taxable","11":"product-type-simple"},"_links":{"self":[{"href":"https:\/\/www.trik.de\/en\/wp-json\/wp\/v2\/product\/9786","targetHints":{"allow":["GET"]}}],"collection":[{"href":"https:\/\/www.trik.de\/en\/wp-json\/wp\/v2\/product"}],"about":[{"href":"https:\/\/www.trik.de\/en\/wp-json\/wp\/v2\/types\/product"}],"wp:featuredmedia":[{"embeddable":true,"href":"https:\/\/www.trik.de\/en\/wp-json\/wp\/v2\/media\/9821"}],"wp:attachment":[{"href":"https:\/\/www.trik.de\/en\/wp-json\/wp\/v2\/media?parent=9786"}],"wp:term":[{"taxonomy":"product_brand","embeddable":true,"href":"https:\/\/www.trik.de\/en\/wp-json\/wp\/v2\/product_brand?post=9786"},{"taxonomy":"product_cat","embeddable":true,"href":"https:\/\/www.trik.de\/en\/wp-json\/wp\/v2\/product_cat?post=9786"},{"taxonomy":"product_tag","embeddable":true,"href":"https:\/\/www.trik.de\/en\/wp-json\/wp\/v2\/product_tag?post=9786"}],"curies":[{"name":"wp","href":"https:\/\/api.w.org\/{rel}","templated":true}]}}