{"id":9785,"date":"2025-04-02T08:45:38","date_gmt":"2025-04-02T08:45:38","guid":{"rendered":"https:\/\/www.trik.de\/?post_type=product&#038;p=9785"},"modified":"2025-04-02T08:51:58","modified_gmt":"2025-04-02T08:51:58","slug":"individuelle-schnullerketten","status":"publish","type":"product","link":"https:\/\/www.trik.de\/en\/produkt\/individuelle-schnullerketten\/","title":{"rendered":"Individuelle Schnullerketten"},"content":{"rendered":"","protected":false},"excerpt":{"rendered":"<p>Gestalten Sie Ihre individuellen Schnullerketten nach Wunsch mit verschiedenen Elementen aus Holz, Pl\u00fcsch, Stoff und Silikon und bestimmen Sie die Farben und Veredelungen. So entsteht ein pers\u00f6nliches Geschenk, das Kunden und Mitarbeiter und deren Nachwuchs gleicherma\u00dfen begeistert.<\/p>\n<p>Mindestauflage 250 St\u00fcck<\/p>\n<p>&nbsp;<\/p>\n<p style=\"text-align: center;\">[button color=\"accent-color\" hover_text_color_override=\"#fff\" size=\"large\" url=\"\/newsletter-anfrage\/\" text=\"Produkt anfragen\" color_override=\"\"]<\/p>\n","protected":false},"featured_media":9812,"template":"","meta":[],"product_brand":[],"product_cat":[68],"product_tag":[],"class_list":{"0":"post-9785","1":"product","2":"type-product","3":"status-publish","4":"has-post-thumbnail","6":"product_cat-newsletter","8":"first","9":"instock","10":"shipping-taxable","11":"product-type-simple"},"_links":{"self":[{"href":"https:\/\/www.trik.de\/en\/wp-json\/wp\/v2\/product\/9785","targetHints":{"allow":["GET"]}}],"collection":[{"href":"https:\/\/www.trik.de\/en\/wp-json\/wp\/v2\/product"}],"about":[{"href":"https:\/\/www.trik.de\/en\/wp-json\/wp\/v2\/types\/product"}],"wp:featuredmedia":[{"embeddable":true,"href":"https:\/\/www.trik.de\/en\/wp-json\/wp\/v2\/media\/9812"}],"wp:attachment":[{"href":"https:\/\/www.trik.de\/en\/wp-json\/wp\/v2\/media?parent=9785"}],"wp:term":[{"taxonomy":"product_brand","embeddable":true,"href":"https:\/\/www.trik.de\/en\/wp-json\/wp\/v2\/product_brand?post=9785"},{"taxonomy":"product_cat","embeddable":true,"href":"https:\/\/www.trik.de\/en\/wp-json\/wp\/v2\/product_cat?post=9785"},{"taxonomy":"product_tag","embeddable":true,"href":"https:\/\/www.trik.de\/en\/wp-json\/wp\/v2\/product_tag?post=9785"}],"curies":[{"name":"wp","href":"https:\/\/api.w.org\/{rel}","templated":true}]}}