{"id":9756,"date":"2025-03-11T09:02:33","date_gmt":"2025-03-11T09:02:33","guid":{"rendered":"https:\/\/www.trik.de\/?post_type=product&#038;p=9756"},"modified":"2025-03-11T09:31:46","modified_gmt":"2025-03-11T09:31:46","slug":"gewuerzdosen","status":"publish","type":"product","link":"https:\/\/www.trik.de\/en\/produkt\/gewuerzdosen\/","title":{"rendered":"Gew\u00fcrzdosen"},"content":{"rendered":"<p><strong>Kategorie 1<\/strong><\/p>\n<p>Die exklusive Auswahl: Kategorie 1 bildet unsere exklusive Auswahl aus edlen Pfeffersorten, ausgefallenen Mischungen und feinen, handgesch\u00f6pften Salzen, veredelt mit Top Gew\u00fcrzen!<\/p>\n<p>58121xM Cinnamon Date &#8211; Dessert Gew\u00fcrz<br \/>\n54309xM Fleur de Sel &#8211; Mediterran<br \/>\n52301xM Pfeffermischung \u201eSchwarzes Gold\u201c<br \/>\n54316xM Halit &#8211; Piment d\u2018Espelette<br \/>\n60017xM Magic Mushroom &#8211; Pilze &amp; Gew\u00fcrze<br \/>\n58125xM Japan Matcha Spice<br \/>\n60013xM K\u00fcrbis Gew\u00fcrz &#8211; \u201ePimp my Pumpkin\u201c<br \/>\n58118xM Schokumami<br \/>\n64001xM Ananas Curry<br \/>\n64013xM Mango Curry<br \/>\n54307xM Fleur de Sel &#8211; Himbeer<br \/>\n60122xM Wildes Barbecue &#8211; kr\u00e4ftiges Wildgew\u00fcrz<\/p>\n<p><strong>Kategorie 2<\/strong><\/p>\n<p>Die raffinierte Basis: Wenn du gehobene Gew\u00fcrzmischungen f\u00fcr den feinen Gaumen suchst bist du in Kategorie 2 perfekt aufgehoben. Hier ist f\u00fcr alle etwas dabei, ob Griller, Feinspitz oder Weltenbummler, hier gilt die Devise #stayspiced!<\/p>\n<p>60056xM Avocado &#8211; Guacamole &amp; Dip Gew\u00fcrz<br \/>\n62029xM Cyprus Hills<br \/>\n63020xM Bruschetta gr\u00fcne Olive<br \/>\n60059xM Eggciting<br \/>\n60041xM Pork &amp; Beef<br \/>\n54420xM Tomatensalz<br \/>\nRT007xM Roland Trettl &#8211; Sojami &#8211; Mediterran<br \/>\n61020xM Steakpfeffer N\u00b066<br \/>\n60066xM Golden Umami<br \/>\n68102xM Sugar &amp; Spice &#8211; Bratapfel<br \/>\n62027xM TingTing &#8211; Asiatisches Wok &amp; Grillgew\u00fcrz<br \/>\n60014xM BOS!S &#8211; Currymischung BOS!S<\/p>\n<p><strong>Kategorie 3<\/strong><\/p>\n<p>Universell und Bodenst\u00e4ndig: beschreibt unsere Kategorie 3. Topseller f\u00fcr die schnelle K\u00fcche, egal ob zu Hause, in der Teek\u00fcche, unterwegs im Segelboot, Camper, Zelt oder als Starter Idee. Universelle Gew\u00fcrzsalze und Spezialit\u00e4ten aus der klassischen Gew\u00fcrzk\u00fcche.<\/p>\n<p>64007xM Madras Curry<br \/>\n60047xM Umami<br \/>\n60043xM Magic Dust &#8211; Red Barbecue<br \/>\n66013xM Chakalaka<br \/>\n54410xM Pommessalz &#8211; Zitronen Rosmarin<br \/>\n60106xM Gartenkr\u00e4uter<br \/>\n63003xM Amore &#8211; Pesce, Pollo &amp; Vitello<br \/>\n63001xM Aglio &amp; Peperoncino<br \/>\n60016xM Original Salzburger Schweinsbraten<br \/>\n62007xM Grillgem\u00fcse<br \/>\n60015xM Original Salzburger Bratkartoffel<br \/>\n63009xM Caprese &#8211; Mozzarella Tomatensalz Caprese<\/p>\n","protected":false},"excerpt":{"rendered":"<p>Die Auswahl an Gew\u00fcrzen ist riesig, daher haben wir f\u00fcr Sie unten eine Top-Auswahl zusammengestellt, aufgeteilt in drei verschiedene Kategorien. Hier ist f\u00fcr Jedermann und Jederfrau etwas dabei! Von scharf bis s\u00fc\u00df, von salzig bis pfeffrig.<\/p>\n<p>Die Kategorien sind nicht nur eine gute gesammelte Preisbasis sondern bilden auch unsere Empfehlungen und Top-Seller ab &#8211; hier wissen wir, dass Ihre Kunden begeistert sein werden!<\/p>\n<p>Schraubdose 170ml, licht- &amp; luftdicht, 100% recyclebar, 100% aus Wei\u00dfblech, hergestellt in \u00d6sterreich<br \/>\nVeredelbar per Deckeletikett und\/oder Neckholder<\/p>\n<p>Verpackung:<br \/>\n1er Karton mit Sichtfenster<br \/>\n2er, 3er, 4er oder 6er Geschenkkarton, optionale Banderole, individuell best\u00fcckbar, optionales Deckeletikett, optionale Rezeptkarte<\/p>\n<p>Mindestauflage 100 St\u00fcck<\/p>\n<p>&nbsp;<\/p>\n<p style=\"text-align: center;\">[button color=\"accent-color\" hover_text_color_override=\"#fff\" size=\"large\" url=\"\/newsletter-anfrage\/\" text=\"Produkt anfragen\" color_override=\"\"]<\/p>\n","protected":false},"featured_media":9765,"template":"","meta":[],"product_brand":[],"product_cat":[68],"product_tag":[],"class_list":{"0":"post-9756","1":"product","2":"type-product","3":"status-publish","4":"has-post-thumbnail","6":"product_cat-newsletter","8":"first","9":"instock","10":"shipping-taxable","11":"product-type-simple"},"_links":{"self":[{"href":"https:\/\/www.trik.de\/en\/wp-json\/wp\/v2\/product\/9756","targetHints":{"allow":["GET"]}}],"collection":[{"href":"https:\/\/www.trik.de\/en\/wp-json\/wp\/v2\/product"}],"about":[{"href":"https:\/\/www.trik.de\/en\/wp-json\/wp\/v2\/types\/product"}],"wp:featuredmedia":[{"embeddable":true,"href":"https:\/\/www.trik.de\/en\/wp-json\/wp\/v2\/media\/9765"}],"wp:attachment":[{"href":"https:\/\/www.trik.de\/en\/wp-json\/wp\/v2\/media?parent=9756"}],"wp:term":[{"taxonomy":"product_brand","embeddable":true,"href":"https:\/\/www.trik.de\/en\/wp-json\/wp\/v2\/product_brand?post=9756"},{"taxonomy":"product_cat","embeddable":true,"href":"https:\/\/www.trik.de\/en\/wp-json\/wp\/v2\/product_cat?post=9756"},{"taxonomy":"product_tag","embeddable":true,"href":"https:\/\/www.trik.de\/en\/wp-json\/wp\/v2\/product_tag?post=9756"}],"curies":[{"name":"wp","href":"https:\/\/api.w.org\/{rel}","templated":true}]}}