{"id":9696,"date":"2025-02-25T16:39:54","date_gmt":"2025-02-25T16:39:54","guid":{"rendered":"https:\/\/www.trik.de\/?post_type=product&#038;p=9696"},"modified":"2025-02-26T08:47:20","modified_gmt":"2025-02-26T08:47:20","slug":"led-flaschenlampen","status":"publish","type":"product","link":"https:\/\/www.trik.de\/en\/produkt\/led-flaschenlampen\/","title":{"rendered":"LED Flaschenlampen"},"content":{"rendered":"","protected":false},"excerpt":{"rendered":"<p>Verwandeln Sie jede Flasche in eine einzigartige Lichtquelle mit einer LED Flaschenlampe. Diese innovativen Lampenaufs\u00e4tze passen auf Flaschen jeder Art und sorgen f\u00fcr eine\u00a0dezente\u00a0Beleuchtung. Ob als Tischleuchte im Restaurant, als originelles Geschenk f\u00fcr Weinliebhaber oder als stimmungsvolle Beleuchtung f\u00fcr Gartenpartys \u2013 die Einsatzm\u00f6glichkeiten sind nahezu unbegrenzt. Die Lampen sind stufenlos dimmbar und in verschiedenen Farben erh\u00e4ltlich, sodass Sie die Lichtstimmung ganz nach Ihren W\u00fcnschen anpassen k\u00f6nnen.<\/p>\n<p>Innovativ, stimmungsvoll. F\u00fcr jede Flasche. Dimmbar, diverse Farben.<\/p>\n<p>Stufenlos dimmbar<br \/>\nAnschluss: USB-Typ-C<br \/>\nFarbmodi: 3000K &#8211; 6000K<\/p>\n<p>Weitere Details und technische Spezifikationen auf Anfrage.<\/p>\n<p>Mindestauflage 100 St\u00fcck<\/p>\n<p>&nbsp;<\/p>\n<p style=\"text-align: center;\">[button color=\"accent-color\" hover_text_color_override=\"#fff\" size=\"large\" url=\"\/newsletter-anfrage\/\" text=\"Produkt anfragen\" color_override=\"\"]<\/p>\n","protected":false},"featured_media":9725,"template":"","meta":[],"product_brand":[],"product_cat":[68],"product_tag":[],"class_list":{"0":"post-9696","1":"product","2":"type-product","3":"status-publish","4":"has-post-thumbnail","6":"product_cat-newsletter","8":"first","9":"instock","10":"shipping-taxable","11":"product-type-simple"},"_links":{"self":[{"href":"https:\/\/www.trik.de\/en\/wp-json\/wp\/v2\/product\/9696","targetHints":{"allow":["GET"]}}],"collection":[{"href":"https:\/\/www.trik.de\/en\/wp-json\/wp\/v2\/product"}],"about":[{"href":"https:\/\/www.trik.de\/en\/wp-json\/wp\/v2\/types\/product"}],"wp:featuredmedia":[{"embeddable":true,"href":"https:\/\/www.trik.de\/en\/wp-json\/wp\/v2\/media\/9725"}],"wp:attachment":[{"href":"https:\/\/www.trik.de\/en\/wp-json\/wp\/v2\/media?parent=9696"}],"wp:term":[{"taxonomy":"product_brand","embeddable":true,"href":"https:\/\/www.trik.de\/en\/wp-json\/wp\/v2\/product_brand?post=9696"},{"taxonomy":"product_cat","embeddable":true,"href":"https:\/\/www.trik.de\/en\/wp-json\/wp\/v2\/product_cat?post=9696"},{"taxonomy":"product_tag","embeddable":true,"href":"https:\/\/www.trik.de\/en\/wp-json\/wp\/v2\/product_tag?post=9696"}],"curies":[{"name":"wp","href":"https:\/\/api.w.org\/{rel}","templated":true}]}}