{"id":9695,"date":"2025-02-25T16:39:29","date_gmt":"2025-02-25T16:39:29","guid":{"rendered":"https:\/\/www.trik.de\/?post_type=product&#038;p=9695"},"modified":"2025-02-26T08:47:32","modified_gmt":"2025-02-26T08:47:32","slug":"led-touch-retro","status":"publish","type":"product","link":"https:\/\/www.trik.de\/en\/produkt\/led-touch-retro\/","title":{"rendered":"LED Touch Retro"},"content":{"rendered":"","protected":false},"excerpt":{"rendered":"<p>Die LED Touch Retro ist ein echter Farbtupfer f\u00fcr jeden Raum. Ihr minimalistisches Design in Form eines Pilzes und die auff\u00e4lligen Farben Rot, Gr\u00fcn und Gelb (weitere Farben auf Anfrage) machen sie zu einem besonderen Blickfang. Diese Lampe ist nicht nur eine praktische Lichtquelle, sondern auch ein dekoratives Element. Dank verschiedener Lichtmodi und der stufenlosen Dimmfunktion k\u00f6nnen Sie die Lichtstimmung ganz nach Ihren Bed\u00fcrfnissen anpassen. Die Aufladung erfolgt bequem \u00fcber USB-Typ-C. Ob als Nachttischlampe, Schreibtischlampe oder als farbiger Akzent im Wohnzimmer und auf der Terrasse \u2013 die LED Touch Retro bringt frischen Wind in Ihre Beleuchtung.<\/p>\n<p>Minimalistisch, farbenfroh. Verschiedene Lichtmodi. USB-C-Aufladung.<\/p>\n<p>Gr\u00f6\u00dfe: ca. 15 x 28 cm<br \/>\nBatterie: 1200 mAh<br \/>\nStufenlos dimmbar<br \/>\nAnschluss: USB-Typ-C<br \/>\nFarbmodi: 3000K \/ 4500K \/ 6000K<\/p>\n<p>Weitere Details und technische Spezifikationen auf Anfrage.<\/p>\n<p>Mindestauflage 100 St\u00fcck<\/p>\n<p>&nbsp;<\/p>\n<p style=\"text-align: center;\">[button color=\"accent-color\" hover_text_color_override=\"#fff\" size=\"large\" url=\"\/newsletter-anfrage\/\" text=\"Produkt anfragen\" color_override=\"\"]<\/p>\n","protected":false},"featured_media":9741,"template":"","meta":[],"product_brand":[],"product_cat":[68],"product_tag":[],"class_list":{"0":"post-9695","1":"product","2":"type-product","3":"status-publish","4":"has-post-thumbnail","6":"product_cat-newsletter","8":"first","9":"instock","10":"shipping-taxable","11":"product-type-simple"},"_links":{"self":[{"href":"https:\/\/www.trik.de\/en\/wp-json\/wp\/v2\/product\/9695","targetHints":{"allow":["GET"]}}],"collection":[{"href":"https:\/\/www.trik.de\/en\/wp-json\/wp\/v2\/product"}],"about":[{"href":"https:\/\/www.trik.de\/en\/wp-json\/wp\/v2\/types\/product"}],"wp:featuredmedia":[{"embeddable":true,"href":"https:\/\/www.trik.de\/en\/wp-json\/wp\/v2\/media\/9741"}],"wp:attachment":[{"href":"https:\/\/www.trik.de\/en\/wp-json\/wp\/v2\/media?parent=9695"}],"wp:term":[{"taxonomy":"product_brand","embeddable":true,"href":"https:\/\/www.trik.de\/en\/wp-json\/wp\/v2\/product_brand?post=9695"},{"taxonomy":"product_cat","embeddable":true,"href":"https:\/\/www.trik.de\/en\/wp-json\/wp\/v2\/product_cat?post=9695"},{"taxonomy":"product_tag","embeddable":true,"href":"https:\/\/www.trik.de\/en\/wp-json\/wp\/v2\/product_tag?post=9695"}],"curies":[{"name":"wp","href":"https:\/\/api.w.org\/{rel}","templated":true}]}}