{"id":9694,"date":"2025-02-25T16:39:08","date_gmt":"2025-02-25T16:39:08","guid":{"rendered":"https:\/\/www.trik.de\/?post_type=product&#038;p=9694"},"modified":"2025-02-26T08:47:38","modified_gmt":"2025-02-26T08:47:38","slug":"led-touch-compact","status":"publish","type":"product","link":"https:\/\/www.trik.de\/en\/produkt\/led-touch-compact\/","title":{"rendered":"LED Touch Compact"},"content":{"rendered":"","protected":false},"excerpt":{"rendered":"<p>Kompakt, stilvoll und ein echter Hingucker \u2013 das ist die LED Touch Compact. Ihr runder Lampenschirm und der runde Fu\u00df bilden eine harmonische Einheit, w\u00e4hrend die sandgestrahlte Oberfl\u00e4che f\u00fcr eine edle Haptik sorgt. Diese Lampe ist ideal f\u00fcr alle, die ein minimalistisches Design und maximale Flexibilit\u00e4t sch\u00e4tzen. Ob als Schreibtischlampe, Nachttischlampe oder als dekoratives Element im Regal \u2013 die LED Touch Compact setzt \u00fcberall stilvolle Lichtakzente. Erh\u00e4ltlich in den zeitlosen Farben Schwarz und Wei\u00df, passt sie perfekt zu jedem Einrichtungsstil.<\/p>\n<p>Kompakt, stilvoll. Sandgestrahltes Aluminium. Minimalistisches Design.<\/p>\n<p>Gr\u00f6\u00dfe: ca. 9,5 x 16 cm<br \/>\nStufenlos dimmbar<br \/>\nAnschluss: USB-Typ-C<br \/>\nFarbmodi: 2700K<\/p>\n<p>Weitere Details und technische Spezifikationen auf Anfrage.<\/p>\n<p>Mindestauflage 100 St\u00fcck<\/p>\n<p>&nbsp;<\/p>\n<p style=\"text-align: center;\">[button color=\"accent-color\" hover_text_color_override=\"#fff\" size=\"large\" url=\"\/newsletter-anfrage\/\" text=\"Produkt anfragen\" color_override=\"\"]<\/p>\n","protected":false},"featured_media":9707,"template":"","meta":[],"product_brand":[],"product_cat":[68],"product_tag":[],"class_list":{"0":"post-9694","1":"product","2":"type-product","3":"status-publish","4":"has-post-thumbnail","6":"product_cat-newsletter","8":"first","9":"instock","10":"shipping-taxable","11":"product-type-simple"},"_links":{"self":[{"href":"https:\/\/www.trik.de\/en\/wp-json\/wp\/v2\/product\/9694","targetHints":{"allow":["GET"]}}],"collection":[{"href":"https:\/\/www.trik.de\/en\/wp-json\/wp\/v2\/product"}],"about":[{"href":"https:\/\/www.trik.de\/en\/wp-json\/wp\/v2\/types\/product"}],"wp:featuredmedia":[{"embeddable":true,"href":"https:\/\/www.trik.de\/en\/wp-json\/wp\/v2\/media\/9707"}],"wp:attachment":[{"href":"https:\/\/www.trik.de\/en\/wp-json\/wp\/v2\/media?parent=9694"}],"wp:term":[{"taxonomy":"product_brand","embeddable":true,"href":"https:\/\/www.trik.de\/en\/wp-json\/wp\/v2\/product_brand?post=9694"},{"taxonomy":"product_cat","embeddable":true,"href":"https:\/\/www.trik.de\/en\/wp-json\/wp\/v2\/product_cat?post=9694"},{"taxonomy":"product_tag","embeddable":true,"href":"https:\/\/www.trik.de\/en\/wp-json\/wp\/v2\/product_tag?post=9694"}],"curies":[{"name":"wp","href":"https:\/\/api.w.org\/{rel}","templated":true}]}}