{"id":9693,"date":"2025-02-25T16:38:47","date_gmt":"2025-02-25T16:38:47","guid":{"rendered":"https:\/\/www.trik.de\/?post_type=product&#038;p=9693"},"modified":"2025-02-26T08:43:24","modified_gmt":"2025-02-26T08:43:24","slug":"led-touch-design","status":"publish","type":"product","link":"https:\/\/www.trik.de\/en\/produkt\/led-touch-design\/","title":{"rendered":"LED Touch Design"},"content":{"rendered":"","protected":false},"excerpt":{"rendered":"<p>F\u00fcr alle, die skandinavisches Design und Funktionalit\u00e4t lieben, ist die LED Touch Design die perfekte Wahl. Ihr viereckiger Lampenschirm mit sanft abgerundeten Ecken verleiht ihr eine moderne und\u00a0klare Optik. Dank des IP54-Wasserschutzes k\u00f6nnen Sie diese Lampe bedenkenlos im Innen- und Au\u00dfenbereich einsetzen. Ob auf der Terrasse, im Garten oder im Badezimmer \u2013 die LED Touch Design sorgt \u00fcberall f\u00fcr stimmungsvolles Licht. Das hochwertige Aluminium und die edlen Farben Schwarz, Wei\u00df und Braun unterstreichen das exklusive Design dieser Lampe.<\/p>\n<p>Skandinavisch, modern. IP54-Wasserschutz. Aluminium, edle Farben.<\/p>\n<p>Gr\u00f6\u00dfe: ca. 10 x 38 cm<br \/>\nGewicht: 750 g<br \/>\nBatterie: 5200 mAh<br \/>\nStufenlos dimmbar<br \/>\nAnschluss: USB-Typ-C<br \/>\nFarbmodi: 3000K<\/p>\n<p>Weitere Details und technische Spezifikationen auf Anfrage.<\/p>\n<p>Mindestauflage 100 St\u00fcck<\/p>\n<p>&nbsp;<\/p>\n<p style=\"text-align: center;\">[button color=\"accent-color\" hover_text_color_override=\"#fff\" size=\"large\" url=\"\/newsletter-anfrage\/\" text=\"Produkt anfragen\" color_override=\"\"]<\/p>\n","protected":false},"featured_media":9713,"template":"","meta":[],"product_brand":[],"product_cat":[68],"product_tag":[],"class_list":{"0":"post-9693","1":"product","2":"type-product","3":"status-publish","4":"has-post-thumbnail","6":"product_cat-newsletter","8":"first","9":"instock","10":"shipping-taxable","11":"product-type-simple"},"_links":{"self":[{"href":"https:\/\/www.trik.de\/en\/wp-json\/wp\/v2\/product\/9693","targetHints":{"allow":["GET"]}}],"collection":[{"href":"https:\/\/www.trik.de\/en\/wp-json\/wp\/v2\/product"}],"about":[{"href":"https:\/\/www.trik.de\/en\/wp-json\/wp\/v2\/types\/product"}],"wp:featuredmedia":[{"embeddable":true,"href":"https:\/\/www.trik.de\/en\/wp-json\/wp\/v2\/media\/9713"}],"wp:attachment":[{"href":"https:\/\/www.trik.de\/en\/wp-json\/wp\/v2\/media?parent=9693"}],"wp:term":[{"taxonomy":"product_brand","embeddable":true,"href":"https:\/\/www.trik.de\/en\/wp-json\/wp\/v2\/product_brand?post=9693"},{"taxonomy":"product_cat","embeddable":true,"href":"https:\/\/www.trik.de\/en\/wp-json\/wp\/v2\/product_cat?post=9693"},{"taxonomy":"product_tag","embeddable":true,"href":"https:\/\/www.trik.de\/en\/wp-json\/wp\/v2\/product_tag?post=9693"}],"curies":[{"name":"wp","href":"https:\/\/api.w.org\/{rel}","templated":true}]}}