{"id":9692,"date":"2025-02-25T16:38:25","date_gmt":"2025-02-25T16:38:25","guid":{"rendered":"https:\/\/www.trik.de\/?post_type=product&#038;p=9692"},"modified":"2025-02-26T08:40:19","modified_gmt":"2025-02-26T08:40:19","slug":"led-touch-classic","status":"publish","type":"product","link":"https:\/\/www.trik.de\/en\/produkt\/led-touch-classic\/","title":{"rendered":"LED Touch Classic"},"content":{"rendered":"","protected":false},"excerpt":{"rendered":"<p>Die LED Touch Classic ist unsere vielseitigste und beliebteste Lampe. Ihr zeitloses Design f\u00fcgt sich nahtlos in jede Umgebung ein, im B\u00fcro, im Wohnzimmer, auf der Terrasse oder dem\u00a0Nachttisch. Die Lampe besteht aus einem stabilen Fu\u00df, zwei schlanken St\u00e4ben und einem eleganten Lampenschirm. Das Besondere: Sie k\u00f6nnen die H\u00f6he der Lampe ganz einfach variieren, indem Sie entweder einen oder beide St\u00e4be verwenden. So passen Sie die Lampe flexibel an Ihre Bed\u00fcrfnisse an. Gefertigt aus\u00a0Metall, \u00fcberzeugt die LED Touch Classic durch ihre Robustheit und Langlebigkeit.<\/p>\n<p>Zeitlos, vielseitig. H\u00f6henverstellbar durch optionale St\u00e4be.<\/p>\n<p>Gr\u00f6\u00dfe: ca. 11 x 36 cm<br \/>\nBatterie: 3600 mAh<br \/>\nStufenlos dimmbar<br \/>\nAnschluss: USB-Typ-C<br \/>\nFarbmodi: 3000K &#8211; 6500K<\/p>\n<p>Weitere Details und technische Spezifikationen auf Anfrage.<\/p>\n<p>Mindestauflage 100 St\u00fcck<\/p>\n<p>&nbsp;<\/p>\n<p style=\"text-align: center;\">[button color=\"accent-color\" hover_text_color_override=\"#fff\" size=\"large\" url=\"\/newsletter-anfrage\/\" text=\"Produkt anfragen\" color_override=\"\"]<\/p>\n","protected":false},"featured_media":9699,"template":"","meta":[],"product_brand":[],"product_cat":[68],"product_tag":[],"class_list":{"0":"post-9692","1":"product","2":"type-product","3":"status-publish","4":"has-post-thumbnail","6":"product_cat-newsletter","8":"first","9":"instock","10":"shipping-taxable","11":"product-type-simple"},"_links":{"self":[{"href":"https:\/\/www.trik.de\/en\/wp-json\/wp\/v2\/product\/9692","targetHints":{"allow":["GET"]}}],"collection":[{"href":"https:\/\/www.trik.de\/en\/wp-json\/wp\/v2\/product"}],"about":[{"href":"https:\/\/www.trik.de\/en\/wp-json\/wp\/v2\/types\/product"}],"wp:featuredmedia":[{"embeddable":true,"href":"https:\/\/www.trik.de\/en\/wp-json\/wp\/v2\/media\/9699"}],"wp:attachment":[{"href":"https:\/\/www.trik.de\/en\/wp-json\/wp\/v2\/media?parent=9692"}],"wp:term":[{"taxonomy":"product_brand","embeddable":true,"href":"https:\/\/www.trik.de\/en\/wp-json\/wp\/v2\/product_brand?post=9692"},{"taxonomy":"product_cat","embeddable":true,"href":"https:\/\/www.trik.de\/en\/wp-json\/wp\/v2\/product_cat?post=9692"},{"taxonomy":"product_tag","embeddable":true,"href":"https:\/\/www.trik.de\/en\/wp-json\/wp\/v2\/product_tag?post=9692"}],"curies":[{"name":"wp","href":"https:\/\/api.w.org\/{rel}","templated":true}]}}