{"id":9628,"date":"2025-01-22T09:26:26","date_gmt":"2025-01-22T09:26:26","guid":{"rendered":"https:\/\/www.trik.de\/?post_type=product&#038;p=9628"},"modified":"2026-04-29T08:23:40","modified_gmt":"2026-04-29T08:23:40","slug":"tube-lanyards-mit-kork","status":"publish","type":"product","link":"https:\/\/www.trik.de\/en\/produkt\/tube-lanyards-mit-kork\/","title":{"rendered":"Tube-Lanyards mit Kork"},"content":{"rendered":"","protected":false},"excerpt":{"rendered":"<p>Zeitlos sch\u00f6n. Kork ist ein Naturprodukt, das seit 5000 Jahren vom Menschen verwendet wird. Besonders gut passen zu den flexiblen Kork-Lanyards zum Umh\u00e4ngen Satin- oder Stoff-Label mit bedruckten oder gewebten Logos. Die B\u00e4nder lassen sich wie alle anderen Tube-Lanyards auch in kurz als Schl\u00fcsselanh\u00e4nger produzieren. Aber es geht auch noch kreativer: Highlight sind die rundum bedruckbaren Korken.<\/p>\n<p>Mindestauflage 100 St\u00fcck<\/p>\n<p>&nbsp;<\/p>\n<p style=\"text-align: center;\">[button color=\"accent-color\" hover_text_color_override=\"#fff\" size=\"large\" url=\"https:\/\/www.trik.de\/newsletter-anfrage-lanyards\/\" text=\"Produkt anfragen\" color_override=\"\"]<\/p>\n","protected":false},"featured_media":9629,"template":"","meta":[],"product_brand":[],"product_cat":[68],"product_tag":[],"class_list":{"0":"post-9628","1":"product","2":"type-product","3":"status-publish","4":"has-post-thumbnail","6":"product_cat-newsletter","8":"first","9":"instock","10":"shipping-taxable","11":"product-type-simple"},"_links":{"self":[{"href":"https:\/\/www.trik.de\/en\/wp-json\/wp\/v2\/product\/9628","targetHints":{"allow":["GET"]}}],"collection":[{"href":"https:\/\/www.trik.de\/en\/wp-json\/wp\/v2\/product"}],"about":[{"href":"https:\/\/www.trik.de\/en\/wp-json\/wp\/v2\/types\/product"}],"wp:featuredmedia":[{"embeddable":true,"href":"https:\/\/www.trik.de\/en\/wp-json\/wp\/v2\/media\/9629"}],"wp:attachment":[{"href":"https:\/\/www.trik.de\/en\/wp-json\/wp\/v2\/media?parent=9628"}],"wp:term":[{"taxonomy":"product_brand","embeddable":true,"href":"https:\/\/www.trik.de\/en\/wp-json\/wp\/v2\/product_brand?post=9628"},{"taxonomy":"product_cat","embeddable":true,"href":"https:\/\/www.trik.de\/en\/wp-json\/wp\/v2\/product_cat?post=9628"},{"taxonomy":"product_tag","embeddable":true,"href":"https:\/\/www.trik.de\/en\/wp-json\/wp\/v2\/product_tag?post=9628"}],"curies":[{"name":"wp","href":"https:\/\/api.w.org\/{rel}","templated":true}]}}