{"id":9625,"date":"2025-01-22T09:26:14","date_gmt":"2025-01-22T09:26:14","guid":{"rendered":"https:\/\/www.trik.de\/?post_type=product&#038;p=9625"},"modified":"2026-04-29T08:23:34","modified_gmt":"2026-04-29T08:23:34","slug":"tube-lanyards-mit-textil-label","status":"publish","type":"product","link":"https:\/\/www.trik.de\/en\/produkt\/tube-lanyards-mit-textil-label\/","title":{"rendered":"Tube-Lanyards mit Textil-Label"},"content":{"rendered":"","protected":false},"excerpt":{"rendered":"<p>Tube-Lanyards aus strapazierf\u00e4higem Polyestermaterial lassen sich beidseitig beliebig bedrucken und halten ihre Form durch eine innenliegende Schnur. Sicherheitsclips erh\u00f6hen die Sicherheit des Tr\u00e4gers. Sehr schick sind die runden Schl\u00fcsselb\u00e4nder auch mit gewebten oder bedruckten Labeln.<\/p>\n<p>Mindestauflage 100 St\u00fcck<\/p>\n<p>&nbsp;<\/p>\n<p style=\"text-align: center;\">[button color=\"accent-color\" hover_text_color_override=\"#fff\" size=\"large\" url=\"https:\/\/www.trik.de\/newsletter-anfrage-lanyards\/\" text=\"Produkt anfragen\" color_override=\"\"]<\/p>\n","protected":false},"featured_media":9661,"template":"","meta":[],"product_brand":[],"product_cat":[68],"product_tag":[],"class_list":{"0":"post-9625","1":"product","2":"type-product","3":"status-publish","4":"has-post-thumbnail","6":"product_cat-newsletter","8":"first","9":"instock","10":"shipping-taxable","11":"product-type-simple"},"_links":{"self":[{"href":"https:\/\/www.trik.de\/en\/wp-json\/wp\/v2\/product\/9625","targetHints":{"allow":["GET"]}}],"collection":[{"href":"https:\/\/www.trik.de\/en\/wp-json\/wp\/v2\/product"}],"about":[{"href":"https:\/\/www.trik.de\/en\/wp-json\/wp\/v2\/types\/product"}],"wp:featuredmedia":[{"embeddable":true,"href":"https:\/\/www.trik.de\/en\/wp-json\/wp\/v2\/media\/9661"}],"wp:attachment":[{"href":"https:\/\/www.trik.de\/en\/wp-json\/wp\/v2\/media?parent=9625"}],"wp:term":[{"taxonomy":"product_brand","embeddable":true,"href":"https:\/\/www.trik.de\/en\/wp-json\/wp\/v2\/product_brand?post=9625"},{"taxonomy":"product_cat","embeddable":true,"href":"https:\/\/www.trik.de\/en\/wp-json\/wp\/v2\/product_cat?post=9625"},{"taxonomy":"product_tag","embeddable":true,"href":"https:\/\/www.trik.de\/en\/wp-json\/wp\/v2\/product_tag?post=9625"}],"curies":[{"name":"wp","href":"https:\/\/api.w.org\/{rel}","templated":true}]}}