{"id":9574,"date":"2024-11-27T09:31:21","date_gmt":"2024-11-27T09:31:21","guid":{"rendered":"https:\/\/www.trik.de\/?post_type=product&#038;p=9574"},"modified":"2025-11-05T08:34:07","modified_gmt":"2025-11-05T08:34:07","slug":"kerzenglas-mit-bienenwachs","status":"publish","type":"product","link":"https:\/\/www.trik.de\/en\/produkt\/kerzenglas-mit-bienenwachs\/","title":{"rendered":"Kerzenglas mit Bienenwachs"},"content":{"rendered":"","protected":false},"excerpt":{"rendered":"<p>Bienen produzieren mit viel Flei\u00df dieses nat\u00fcrliche Wachs, welches danach vom Imker mit Liebe gewonnen wird. Brennt die Kerze, entsteht ein gem\u00fctliches Licht und es duftet herrlich. Geliefert wird das hochwertige Bienenwachs-Granulat \u2013 Made in Germany \u2013 mit einem Docht in einem edlen Glas, welches nach dem Abbrennen ganz sicher eine weitere Verwendung findet. Verpackt mit einer individuell gestaltbaren Banderole, bleibt f\u00fcr die Werbebotschaft viel Platz.<\/p>\n<p>Mindestauflage 100 St\u00fcck<\/p>\n<p>&nbsp;<\/p>\n<p style=\"text-align: center;\">[button color=\"accent-color\" hover_text_color_override=\"#fff\" size=\"large\" url=\"https:\/\/www.trik.de\/newsletter-anfrage\/\" text=\"Produkt anfragen\" color_override=\"\"]<\/p>\n","protected":false},"featured_media":9585,"template":"","meta":[],"product_brand":[],"product_cat":[68],"product_tag":[],"class_list":{"0":"post-9574","1":"product","2":"type-product","3":"status-publish","4":"has-post-thumbnail","6":"product_cat-newsletter","8":"first","9":"instock","10":"shipping-taxable","11":"product-type-simple"},"_links":{"self":[{"href":"https:\/\/www.trik.de\/en\/wp-json\/wp\/v2\/product\/9574","targetHints":{"allow":["GET"]}}],"collection":[{"href":"https:\/\/www.trik.de\/en\/wp-json\/wp\/v2\/product"}],"about":[{"href":"https:\/\/www.trik.de\/en\/wp-json\/wp\/v2\/types\/product"}],"wp:featuredmedia":[{"embeddable":true,"href":"https:\/\/www.trik.de\/en\/wp-json\/wp\/v2\/media\/9585"}],"wp:attachment":[{"href":"https:\/\/www.trik.de\/en\/wp-json\/wp\/v2\/media?parent=9574"}],"wp:term":[{"taxonomy":"product_brand","embeddable":true,"href":"https:\/\/www.trik.de\/en\/wp-json\/wp\/v2\/product_brand?post=9574"},{"taxonomy":"product_cat","embeddable":true,"href":"https:\/\/www.trik.de\/en\/wp-json\/wp\/v2\/product_cat?post=9574"},{"taxonomy":"product_tag","embeddable":true,"href":"https:\/\/www.trik.de\/en\/wp-json\/wp\/v2\/product_tag?post=9574"}],"curies":[{"name":"wp","href":"https:\/\/api.w.org\/{rel}","templated":true}]}}