{"id":9527,"date":"2024-11-20T09:10:00","date_gmt":"2024-11-20T09:10:00","guid":{"rendered":"https:\/\/www.trik.de\/?post_type=product&#038;p=9527"},"modified":"2025-01-30T11:25:30","modified_gmt":"2025-01-30T11:25:30","slug":"schokoladen-pralinen","status":"publish","type":"product","link":"https:\/\/www.trik.de\/en\/produkt\/schokoladen-pralinen\/","title":{"rendered":"Schokoladen &#038; Pralinen"},"content":{"rendered":"","protected":false},"excerpt":{"rendered":"<p>Der klassische Lindt Weihnachtsmann mit Gl\u00f6ckchen, Pr\u00e4sentboxen mit Lindt Schokoherzen, 3D LKWs gef\u00fcllt mit bunt gemischten Ritter SPORT Schokow\u00fcrfeln oder die Pralin\u00e9s von Lindt als kleines Dankesch\u00f6n an Ihre Kunden und Mitarbeiter. Alles Produkte mit finanziellem Klimabeitrag und bedruckbarem, FSC-zertifiziertem Karton. Der Countdown l\u00e4uft!<\/p>\n<p>&nbsp;<\/p>\n<p style=\"text-align: center;\">[button color=\"accent-color\" hover_text_color_override=\"#fff\" size=\"large\" url=\"mailto:ahuelsmann@trik.de?subject=Newsletter-Anfrage%20Schokoladen%20und%20Pralinen\" text=\"Produkt anfragen\" color_override=\"\"]<\/p>\n","protected":false},"featured_media":9554,"template":"","meta":[],"product_brand":[],"product_cat":[68],"product_tag":[],"class_list":{"0":"post-9527","1":"product","2":"type-product","3":"status-publish","4":"has-post-thumbnail","6":"product_cat-newsletter","8":"first","9":"instock","10":"shipping-taxable","11":"product-type-simple"},"_links":{"self":[{"href":"https:\/\/www.trik.de\/en\/wp-json\/wp\/v2\/product\/9527","targetHints":{"allow":["GET"]}}],"collection":[{"href":"https:\/\/www.trik.de\/en\/wp-json\/wp\/v2\/product"}],"about":[{"href":"https:\/\/www.trik.de\/en\/wp-json\/wp\/v2\/types\/product"}],"wp:featuredmedia":[{"embeddable":true,"href":"https:\/\/www.trik.de\/en\/wp-json\/wp\/v2\/media\/9554"}],"wp:attachment":[{"href":"https:\/\/www.trik.de\/en\/wp-json\/wp\/v2\/media?parent=9527"}],"wp:term":[{"taxonomy":"product_brand","embeddable":true,"href":"https:\/\/www.trik.de\/en\/wp-json\/wp\/v2\/product_brand?post=9527"},{"taxonomy":"product_cat","embeddable":true,"href":"https:\/\/www.trik.de\/en\/wp-json\/wp\/v2\/product_cat?post=9527"},{"taxonomy":"product_tag","embeddable":true,"href":"https:\/\/www.trik.de\/en\/wp-json\/wp\/v2\/product_tag?post=9527"}],"curies":[{"name":"wp","href":"https:\/\/api.w.org\/{rel}","templated":true}]}}