{"id":9494,"date":"2024-11-12T09:02:32","date_gmt":"2024-11-12T09:02:32","guid":{"rendered":"https:\/\/www.trik.de\/?post_type=product&#038;p=9494"},"modified":"2025-01-30T11:25:56","modified_gmt":"2025-01-30T11:25:56","slug":"baumwollrucksack","status":"publish","type":"product","link":"https:\/\/www.trik.de\/en\/produkt\/baumwollrucksack\/","title":{"rendered":"Baumwollrucksack"},"content":{"rendered":"","protected":false},"excerpt":{"rendered":"<p>Vielf\u00e4ltige Gestaltungs- und Einsatzm\u00f6glichkeiten: Vom Sport bis zum Alltag. Die klassischen Stoff-Turnbeutel k\u00f6nnen perfekt in Ihrem Corporate Design oder mit Ihrem Wunschmotiv umgesetzt zu werden. In verschiedenen Grammaturen, optional aus hochwertiger Bio-Baumwolle, mit robusten Zugb\u00e4ndern, innen vers\u00e4umten N\u00e4hten, nach Pantone eingef\u00e4rbt oder z.B. mit zus\u00e4tzlichem Weblabel vesehen, entseht Ihr ganz pers\u00f6nlicher Beutel!<\/p>\n<p>&nbsp;<\/p>\n<p style=\"text-align: center;\">[button color=\"accent-color\" hover_text_color_override=\"#fff\" size=\"large\" url=\"mailto:ahuelsmann@trik.de?subject=Newsletter-Anfrage%20Baumwollrucksack%20Turnbeutel\" text=\"Produkt anfragen\" color_override=\"\"]<\/p>\n","protected":false},"featured_media":9495,"template":"","meta":[],"product_brand":[],"product_cat":[68],"product_tag":[],"class_list":{"0":"post-9494","1":"product","2":"type-product","3":"status-publish","4":"has-post-thumbnail","6":"product_cat-newsletter","8":"first","9":"instock","10":"shipping-taxable","11":"product-type-simple"},"_links":{"self":[{"href":"https:\/\/www.trik.de\/en\/wp-json\/wp\/v2\/product\/9494","targetHints":{"allow":["GET"]}}],"collection":[{"href":"https:\/\/www.trik.de\/en\/wp-json\/wp\/v2\/product"}],"about":[{"href":"https:\/\/www.trik.de\/en\/wp-json\/wp\/v2\/types\/product"}],"wp:featuredmedia":[{"embeddable":true,"href":"https:\/\/www.trik.de\/en\/wp-json\/wp\/v2\/media\/9495"}],"wp:attachment":[{"href":"https:\/\/www.trik.de\/en\/wp-json\/wp\/v2\/media?parent=9494"}],"wp:term":[{"taxonomy":"product_brand","embeddable":true,"href":"https:\/\/www.trik.de\/en\/wp-json\/wp\/v2\/product_brand?post=9494"},{"taxonomy":"product_cat","embeddable":true,"href":"https:\/\/www.trik.de\/en\/wp-json\/wp\/v2\/product_cat?post=9494"},{"taxonomy":"product_tag","embeddable":true,"href":"https:\/\/www.trik.de\/en\/wp-json\/wp\/v2\/product_tag?post=9494"}],"curies":[{"name":"wp","href":"https:\/\/api.w.org\/{rel}","templated":true}]}}