{"id":9441,"date":"2024-11-04T14:38:53","date_gmt":"2024-11-04T14:38:53","guid":{"rendered":"https:\/\/www.trik.de\/?post_type=product&#038;p=9441"},"modified":"2025-01-30T11:26:46","modified_gmt":"2025-01-30T11:26:46","slug":"massageartikel","status":"publish","type":"product","link":"https:\/\/www.trik.de\/en\/produkt\/massageartikel\/","title":{"rendered":"Massageartikel"},"content":{"rendered":"","protected":false},"excerpt":{"rendered":"<p>F\u00fcr eine wohltuende Massage jederzeit und \u00fcberall. Die praktischen Helfer f\u00fcr mehr Wohlbefinden sind \u00e4u\u00dferst beliebt und durch den wiederholten Nutzen wird Ihre Werbebotschaft immer wieder wahrgenommen. Massagespinnen aus Holz oder Kunststoff oder Massageb\u00e4lle in auff\u00e4lliger Farbe und Logodruck sorgen f\u00fcr Entspannung. Und egal ob Nacken, Schulter, R\u00fccken, Waden oder Oberarme \u2013 elektrische Massagepistolen f\u00f6rdern die Durchblutung, l\u00f6sen Verspannungen und hartn\u00e4ckige Muskelverh\u00e4rtungen auf Knopfdruck.<\/p>\n<p>&nbsp;<\/p>\n<p style=\"text-align: center;\">[button color=\"accent-color\" hover_text_color_override=\"#fff\" size=\"large\" url=\"mailto:ahuelsmann@trik.de?subject=Newsletter-Anfrage%20Massageartikel\" text=\"Produkt anfragen\" color_override=\"\"]<\/p>\n","protected":false},"featured_media":9484,"template":"","meta":[],"product_brand":[],"product_cat":[68],"product_tag":[],"class_list":{"0":"post-9441","1":"product","2":"type-product","3":"status-publish","4":"has-post-thumbnail","6":"product_cat-newsletter","8":"first","9":"instock","10":"shipping-taxable","11":"product-type-simple"},"_links":{"self":[{"href":"https:\/\/www.trik.de\/en\/wp-json\/wp\/v2\/product\/9441","targetHints":{"allow":["GET"]}}],"collection":[{"href":"https:\/\/www.trik.de\/en\/wp-json\/wp\/v2\/product"}],"about":[{"href":"https:\/\/www.trik.de\/en\/wp-json\/wp\/v2\/types\/product"}],"wp:featuredmedia":[{"embeddable":true,"href":"https:\/\/www.trik.de\/en\/wp-json\/wp\/v2\/media\/9484"}],"wp:attachment":[{"href":"https:\/\/www.trik.de\/en\/wp-json\/wp\/v2\/media?parent=9441"}],"wp:term":[{"taxonomy":"product_brand","embeddable":true,"href":"https:\/\/www.trik.de\/en\/wp-json\/wp\/v2\/product_brand?post=9441"},{"taxonomy":"product_cat","embeddable":true,"href":"https:\/\/www.trik.de\/en\/wp-json\/wp\/v2\/product_cat?post=9441"},{"taxonomy":"product_tag","embeddable":true,"href":"https:\/\/www.trik.de\/en\/wp-json\/wp\/v2\/product_tag?post=9441"}],"curies":[{"name":"wp","href":"https:\/\/api.w.org\/{rel}","templated":true}]}}