{"id":9439,"date":"2024-11-04T14:38:23","date_gmt":"2024-11-04T14:38:23","guid":{"rendered":"https:\/\/www.trik.de\/?post_type=product&#038;p=9439"},"modified":"2025-01-30T11:27:12","modified_gmt":"2025-01-30T11:27:12","slug":"duftkerzen","status":"publish","type":"product","link":"https:\/\/www.trik.de\/en\/produkt\/duftkerzen\/","title":{"rendered":"Duftkerzen"},"content":{"rendered":"","protected":false},"excerpt":{"rendered":"<p>F\u00fcr eine entspannte Atmosph\u00e4re in jedem Raum. Wir finden f\u00fcr Sie die passende Ausf\u00fchrung: Als Kerze in einem Glasgef\u00e4\u00df mit Korkdeckel, in verschiedenen Farben, Anh\u00e4nger aus recyceltem Karton f\u00fcr Nachrichten, als stylisches Keramikglas mit Designbox oder aus Holz im weihnachtlichen Design. Vieles ist m\u00f6glich!<\/p>\n<p>Mindestbestellmenge: 100 St\u00fcck<\/p>\n<p>&nbsp;<\/p>\n<p style=\"text-align: center;\">[button color=\"accent-color\" hover_text_color_override=\"#fff\" size=\"large\" url=\"mailto:ahuelsmann@trik.de?subject=Newsletter-Anfrage%20Duftkerzen\" text=\"Produkt anfragen\" color_override=\"\"]<\/p>\n","protected":false},"featured_media":9458,"template":"","meta":[],"product_brand":[],"product_cat":[68],"product_tag":[],"class_list":{"0":"post-9439","1":"product","2":"type-product","3":"status-publish","4":"has-post-thumbnail","6":"product_cat-newsletter","8":"first","9":"instock","10":"shipping-taxable","11":"product-type-simple"},"_links":{"self":[{"href":"https:\/\/www.trik.de\/en\/wp-json\/wp\/v2\/product\/9439","targetHints":{"allow":["GET"]}}],"collection":[{"href":"https:\/\/www.trik.de\/en\/wp-json\/wp\/v2\/product"}],"about":[{"href":"https:\/\/www.trik.de\/en\/wp-json\/wp\/v2\/types\/product"}],"wp:featuredmedia":[{"embeddable":true,"href":"https:\/\/www.trik.de\/en\/wp-json\/wp\/v2\/media\/9458"}],"wp:attachment":[{"href":"https:\/\/www.trik.de\/en\/wp-json\/wp\/v2\/media?parent=9439"}],"wp:term":[{"taxonomy":"product_brand","embeddable":true,"href":"https:\/\/www.trik.de\/en\/wp-json\/wp\/v2\/product_brand?post=9439"},{"taxonomy":"product_cat","embeddable":true,"href":"https:\/\/www.trik.de\/en\/wp-json\/wp\/v2\/product_cat?post=9439"},{"taxonomy":"product_tag","embeddable":true,"href":"https:\/\/www.trik.de\/en\/wp-json\/wp\/v2\/product_tag?post=9439"}],"curies":[{"name":"wp","href":"https:\/\/api.w.org\/{rel}","templated":true}]}}