{"id":9438,"date":"2024-11-04T14:38:06","date_gmt":"2024-11-04T14:38:06","guid":{"rendered":"https:\/\/www.trik.de\/?post_type=product&#038;p=9438"},"modified":"2025-01-30T11:27:24","modified_gmt":"2025-01-30T11:27:24","slug":"schlafmasken","status":"publish","type":"product","link":"https:\/\/www.trik.de\/en\/produkt\/schlafmasken\/","title":{"rendered":"Schlafmasken"},"content":{"rendered":"","protected":false},"excerpt":{"rendered":"<p>F\u00fcr einen erholsamen Schlaf unterwegs und auch Zuhause. Die weichen und sehr komfortablen Schlafmasken sind in einer breiten Farbpalette erh\u00e4ltlich. Auf Wunsch aus Mikrofaser, Softshell oder recyceltem RPET, mit passendem Kordelzugbeutel, im Set mit Ohrenst\u00f6pseln, mit Logo veredelt oder vollfl\u00e4chig bedruckt.<\/p>\n<p>Mindestbestellmenge: 100 St\u00fcck<\/p>\n<p>&nbsp;<\/p>\n<p style=\"text-align: center;\">[button color=\"accent-color\" hover_text_color_override=\"#fff\" size=\"large\" url=\"mailto:ahuelsmann@trik.de?subject=Newsletter-Anfrage%20Schlafmasken\" text=\"Produkt anfragen\" color_override=\"\"]<\/p>\n","protected":false},"featured_media":9488,"template":"","meta":[],"product_brand":[],"product_cat":[68],"product_tag":[],"class_list":{"0":"post-9438","1":"product","2":"type-product","3":"status-publish","4":"has-post-thumbnail","6":"product_cat-newsletter","8":"first","9":"instock","10":"shipping-taxable","11":"product-type-simple"},"_links":{"self":[{"href":"https:\/\/www.trik.de\/en\/wp-json\/wp\/v2\/product\/9438","targetHints":{"allow":["GET"]}}],"collection":[{"href":"https:\/\/www.trik.de\/en\/wp-json\/wp\/v2\/product"}],"about":[{"href":"https:\/\/www.trik.de\/en\/wp-json\/wp\/v2\/types\/product"}],"wp:featuredmedia":[{"embeddable":true,"href":"https:\/\/www.trik.de\/en\/wp-json\/wp\/v2\/media\/9488"}],"wp:attachment":[{"href":"https:\/\/www.trik.de\/en\/wp-json\/wp\/v2\/media?parent=9438"}],"wp:term":[{"taxonomy":"product_brand","embeddable":true,"href":"https:\/\/www.trik.de\/en\/wp-json\/wp\/v2\/product_brand?post=9438"},{"taxonomy":"product_cat","embeddable":true,"href":"https:\/\/www.trik.de\/en\/wp-json\/wp\/v2\/product_cat?post=9438"},{"taxonomy":"product_tag","embeddable":true,"href":"https:\/\/www.trik.de\/en\/wp-json\/wp\/v2\/product_tag?post=9438"}],"curies":[{"name":"wp","href":"https:\/\/api.w.org\/{rel}","templated":true}]}}