{"id":9371,"date":"2024-10-17T10:11:53","date_gmt":"2024-10-17T10:11:53","guid":{"rendered":"https:\/\/www.trik.de\/?post_type=product&#038;p=9371"},"modified":"2025-01-30T11:16:06","modified_gmt":"2025-01-30T11:16:06","slug":"weihnachtsbaumkugeln-in-sonderform","status":"publish","type":"product","link":"https:\/\/www.trik.de\/en\/produkt\/weihnachtsbaumkugeln-in-sonderform\/","title":{"rendered":"Weihnachtsbaumkugeln in Sonderform"},"content":{"rendered":"","protected":false},"excerpt":{"rendered":"<p>Ein gl\u00e4nzende Idee und ein ganz besonderes Geschenk f\u00fcr besondere Kunden: Mundgeblasener und handbemalter Weihnachtsbaumschmuck. In Form Ihres Logos oder einer individuellen Wunschform \u2013 der Phantasie sind keine Grenzen gesetzt. Ob als Dankesch\u00f6n f\u00fcr treue Kunden, als Pr\u00e4sent f\u00fcr Gesch\u00e4ftspartner oder Ihre Mitarbeiter \u2013 so wird Ihre Marke auch nach den Feiertagen noch pr\u00e4sent sein.<\/p>\n<p>Mindestbestellmenge: 1.000 St\u00fcck<\/p>\n<p>&nbsp;<\/p>\n<p style=\"text-align: center;\">[button color=\"accent-color\" hover_text_color_override=\"#fff\" size=\"large\" url=\"mailto:ahuelsmann@trik.de?subject=Newsletter-Anfrage%20Weihnachtsbaumkugeln%20Sonderform\" text=\"Produkt anfragen\" color_override=\"\"]<\/p>\n","protected":false},"featured_media":9396,"template":"","meta":[],"product_brand":[],"product_cat":[68],"product_tag":[],"class_list":{"0":"post-9371","1":"product","2":"type-product","3":"status-publish","4":"has-post-thumbnail","6":"product_cat-newsletter","8":"first","9":"instock","10":"shipping-taxable","11":"product-type-simple"},"_links":{"self":[{"href":"https:\/\/www.trik.de\/en\/wp-json\/wp\/v2\/product\/9371","targetHints":{"allow":["GET"]}}],"collection":[{"href":"https:\/\/www.trik.de\/en\/wp-json\/wp\/v2\/product"}],"about":[{"href":"https:\/\/www.trik.de\/en\/wp-json\/wp\/v2\/types\/product"}],"wp:featuredmedia":[{"embeddable":true,"href":"https:\/\/www.trik.de\/en\/wp-json\/wp\/v2\/media\/9396"}],"wp:attachment":[{"href":"https:\/\/www.trik.de\/en\/wp-json\/wp\/v2\/media?parent=9371"}],"wp:term":[{"taxonomy":"product_brand","embeddable":true,"href":"https:\/\/www.trik.de\/en\/wp-json\/wp\/v2\/product_brand?post=9371"},{"taxonomy":"product_cat","embeddable":true,"href":"https:\/\/www.trik.de\/en\/wp-json\/wp\/v2\/product_cat?post=9371"},{"taxonomy":"product_tag","embeddable":true,"href":"https:\/\/www.trik.de\/en\/wp-json\/wp\/v2\/product_tag?post=9371"}],"curies":[{"name":"wp","href":"https:\/\/api.w.org\/{rel}","templated":true}]}}