{"id":9369,"date":"2024-10-17T10:11:08","date_gmt":"2024-10-17T10:11:08","guid":{"rendered":"https:\/\/www.trik.de\/?post_type=product&#038;p=9369"},"modified":"2025-01-30T11:16:38","modified_gmt":"2025-01-30T11:16:38","slug":"geschenkpapier","status":"publish","type":"product","link":"https:\/\/www.trik.de\/en\/produkt\/geschenkpapier\/","title":{"rendered":"Geschenkpapier"},"content":{"rendered":"","protected":false},"excerpt":{"rendered":"<p>Verpacken Sie Ihre Produkte stilvoll und unverwechselbar in exklusives Geschenkpapier passend zu einer Kampagne oder f\u00fcr Kunden- und Mitarbeitergeschenke. Verschiedenste Veredelungen sind m\u00f6glich: Sonderfarben, Relief, Pr\u00e4gung, Hochglanz oder auch Metallic-Effekte. Wir verwenden auf Wunsch Recyclingpapiere oder FSC zertifizierte Papiere aus verantwortungsvoller Forstwirtschaft.<\/p>\n<p>Mindestbestellmenge: 100 St\u00fcck<\/p>\n<p>&nbsp;<\/p>\n<p style=\"text-align: center;\">[button color=\"accent-color\" hover_text_color_override=\"#fff\" size=\"large\" url=\"mailto:ahuelsmann@trik.de?subject=Newsletter-Anfrage%20Geschenkpapier\" text=\"Produkt anfragen\" color_override=\"\"]<\/p>\n","protected":false},"featured_media":9374,"template":"","meta":[],"product_brand":[],"product_cat":[68],"product_tag":[],"class_list":{"0":"post-9369","1":"product","2":"type-product","3":"status-publish","4":"has-post-thumbnail","6":"product_cat-newsletter","8":"first","9":"instock","10":"shipping-taxable","11":"product-type-simple"},"_links":{"self":[{"href":"https:\/\/www.trik.de\/en\/wp-json\/wp\/v2\/product\/9369","targetHints":{"allow":["GET"]}}],"collection":[{"href":"https:\/\/www.trik.de\/en\/wp-json\/wp\/v2\/product"}],"about":[{"href":"https:\/\/www.trik.de\/en\/wp-json\/wp\/v2\/types\/product"}],"wp:featuredmedia":[{"embeddable":true,"href":"https:\/\/www.trik.de\/en\/wp-json\/wp\/v2\/media\/9374"}],"wp:attachment":[{"href":"https:\/\/www.trik.de\/en\/wp-json\/wp\/v2\/media?parent=9369"}],"wp:term":[{"taxonomy":"product_brand","embeddable":true,"href":"https:\/\/www.trik.de\/en\/wp-json\/wp\/v2\/product_brand?post=9369"},{"taxonomy":"product_cat","embeddable":true,"href":"https:\/\/www.trik.de\/en\/wp-json\/wp\/v2\/product_cat?post=9369"},{"taxonomy":"product_tag","embeddable":true,"href":"https:\/\/www.trik.de\/en\/wp-json\/wp\/v2\/product_tag?post=9369"}],"curies":[{"name":"wp","href":"https:\/\/api.w.org\/{rel}","templated":true}]}}