{"id":9368,"date":"2024-10-17T10:10:47","date_gmt":"2024-10-17T10:10:47","guid":{"rendered":"https:\/\/www.trik.de\/?post_type=product&#038;p=9368"},"modified":"2025-01-30T11:16:55","modified_gmt":"2025-01-30T11:16:55","slug":"keks-ausstechformen","status":"publish","type":"product","link":"https:\/\/www.trik.de\/en\/produkt\/keks-ausstechformen\/","title":{"rendered":"Keks-Ausstechformen"},"content":{"rendered":"","protected":false},"excerpt":{"rendered":"<p>Ein s\u00fc\u00dfer Gru\u00df von Ihrer Marke: Individuelle Keksausstecher. \u00dcberraschen Sie Ihre Kunden mit Keksen in einer ganz besonderen Form \u2013 Ihrem Logo oder einem individuellen Design. Optional auch mit Einleger, den Sie mit einem Weihnachtsgru\u00df und Backrezepten bedrucken k\u00f6nnen.<\/p>\n<p>Mindestbestellmenge: 1.000 St\u00fcck<\/p>\n<p>&nbsp;<\/p>\n<p style=\"text-align: center;\">[button color=\"accent-color\" hover_text_color_override=\"#fff\" size=\"large\" url=\"mailto:ahuelsmann@trik.de?subject=Newsletter-Anfrage%20Keks%20Ausstechform\" text=\"Produkt anfragen\" color_override=\"\"]<\/p>\n","protected":false},"featured_media":9382,"template":"","meta":[],"product_brand":[],"product_cat":[68],"product_tag":[],"class_list":{"0":"post-9368","1":"product","2":"type-product","3":"status-publish","4":"has-post-thumbnail","6":"product_cat-newsletter","8":"first","9":"instock","10":"shipping-taxable","11":"product-type-simple"},"_links":{"self":[{"href":"https:\/\/www.trik.de\/en\/wp-json\/wp\/v2\/product\/9368","targetHints":{"allow":["GET"]}}],"collection":[{"href":"https:\/\/www.trik.de\/en\/wp-json\/wp\/v2\/product"}],"about":[{"href":"https:\/\/www.trik.de\/en\/wp-json\/wp\/v2\/types\/product"}],"wp:featuredmedia":[{"embeddable":true,"href":"https:\/\/www.trik.de\/en\/wp-json\/wp\/v2\/media\/9382"}],"wp:attachment":[{"href":"https:\/\/www.trik.de\/en\/wp-json\/wp\/v2\/media?parent=9368"}],"wp:term":[{"taxonomy":"product_brand","embeddable":true,"href":"https:\/\/www.trik.de\/en\/wp-json\/wp\/v2\/product_brand?post=9368"},{"taxonomy":"product_cat","embeddable":true,"href":"https:\/\/www.trik.de\/en\/wp-json\/wp\/v2\/product_cat?post=9368"},{"taxonomy":"product_tag","embeddable":true,"href":"https:\/\/www.trik.de\/en\/wp-json\/wp\/v2\/product_tag?post=9368"}],"curies":[{"name":"wp","href":"https:\/\/api.w.org\/{rel}","templated":true}]}}