{"id":9339,"date":"2024-09-23T15:19:02","date_gmt":"2024-09-23T15:19:02","guid":{"rendered":"https:\/\/www.trik.de\/?post_type=product&#038;p=9339"},"modified":"2024-09-23T15:19:02","modified_gmt":"2024-09-23T15:19:02","slug":"waermekissen-und-flaschen","status":"publish","type":"product","link":"https:\/\/www.trik.de\/en\/produkt\/waermekissen-und-flaschen\/","title":{"rendered":"W\u00e4rmekissen und -flaschen"},"content":{"rendered":"","protected":false},"excerpt":{"rendered":"<p>W\u00e4rmekissen &amp; -flaschen in allen Formen: Schenken Sie wohlige W\u00e4rme mit personalisierten W\u00e4rmekissen und W\u00e4rmflaschen. Ob klassische Form oder in ausgefallenen Sonderformen \u2013 wir setzen Ihre Ideen um!<\/p>\n<p>&nbsp;<\/p>\n<p style=\"text-align: center;\">[button color=\"accent-color\" hover_text_color_override=\"#fff\" size=\"large\" url=\"mailto:info@trik.de?subject=Newsletter-Anfrage%20Waermekissen\" text=\"Produkt anfragen\" color_override=\"\"]<\/p>\n<p>&nbsp;<\/p>\n","protected":false},"featured_media":9350,"template":"","meta":[],"product_brand":[],"product_cat":[68],"product_tag":[],"class_list":{"0":"post-9339","1":"product","2":"type-product","3":"status-publish","4":"has-post-thumbnail","6":"product_cat-newsletter","8":"first","9":"instock","10":"shipping-taxable","11":"product-type-simple"},"_links":{"self":[{"href":"https:\/\/www.trik.de\/en\/wp-json\/wp\/v2\/product\/9339","targetHints":{"allow":["GET"]}}],"collection":[{"href":"https:\/\/www.trik.de\/en\/wp-json\/wp\/v2\/product"}],"about":[{"href":"https:\/\/www.trik.de\/en\/wp-json\/wp\/v2\/types\/product"}],"wp:featuredmedia":[{"embeddable":true,"href":"https:\/\/www.trik.de\/en\/wp-json\/wp\/v2\/media\/9350"}],"wp:attachment":[{"href":"https:\/\/www.trik.de\/en\/wp-json\/wp\/v2\/media?parent=9339"}],"wp:term":[{"taxonomy":"product_brand","embeddable":true,"href":"https:\/\/www.trik.de\/en\/wp-json\/wp\/v2\/product_brand?post=9339"},{"taxonomy":"product_cat","embeddable":true,"href":"https:\/\/www.trik.de\/en\/wp-json\/wp\/v2\/product_cat?post=9339"},{"taxonomy":"product_tag","embeddable":true,"href":"https:\/\/www.trik.de\/en\/wp-json\/wp\/v2\/product_tag?post=9339"}],"curies":[{"name":"wp","href":"https:\/\/api.w.org\/{rel}","templated":true}]}}