{"id":9307,"date":"2024-09-17T07:35:37","date_gmt":"2024-09-17T07:35:37","guid":{"rendered":"https:\/\/www.trik.de\/?post_type=product&#038;p=9307"},"modified":"2025-01-30T11:17:50","modified_gmt":"2025-01-30T11:17:50","slug":"leinwaende","status":"publish","type":"product","link":"https:\/\/www.trik.de\/en\/produkt\/leinwaende\/","title":{"rendered":"Leinw\u00e4nde"},"content":{"rendered":"","protected":false},"excerpt":{"rendered":"<p>Vollfl\u00e4chig bedruckbares Leinengewebe, stabile Holzrahmen und r\u00fcckseitiges Aufh\u00e4ngesystem &#8211; ob als Geschenk f\u00fcr Mitarbeiter und Kunden, als Eyecatcher im Empfangsbereich oder als Dekoration im B\u00fcro. Individuell gestaltete Leinw\u00e4nde sind die perfekte L\u00f6sung Ihre Marke zu pr\u00e4sentieren. Verschiedene Formate und Sonderformate m\u00f6glich.<\/p>\n<p>Mindestbestellmenge: 500 St\u00fcck<\/p>\n<p>&nbsp;<\/p>\n<p style=\"text-align: center;\">[button color=\"accent-color\" hover_text_color_override=\"#fff\" size=\"large\" url=\"mailto:ahuelsmann@trik.de?subject=Newsletter-Anfrage%20Leinwaende\" text=\"Produkt anfragen\" color_override=\"\"]<\/p>\n","protected":false},"featured_media":9335,"template":"","meta":[],"product_brand":[],"product_cat":[68],"product_tag":[],"class_list":{"0":"post-9307","1":"product","2":"type-product","3":"status-publish","4":"has-post-thumbnail","6":"product_cat-newsletter","8":"first","9":"instock","10":"shipping-taxable","11":"product-type-simple"},"_links":{"self":[{"href":"https:\/\/www.trik.de\/en\/wp-json\/wp\/v2\/product\/9307","targetHints":{"allow":["GET"]}}],"collection":[{"href":"https:\/\/www.trik.de\/en\/wp-json\/wp\/v2\/product"}],"about":[{"href":"https:\/\/www.trik.de\/en\/wp-json\/wp\/v2\/types\/product"}],"wp:featuredmedia":[{"embeddable":true,"href":"https:\/\/www.trik.de\/en\/wp-json\/wp\/v2\/media\/9335"}],"wp:attachment":[{"href":"https:\/\/www.trik.de\/en\/wp-json\/wp\/v2\/media?parent=9307"}],"wp:term":[{"taxonomy":"product_brand","embeddable":true,"href":"https:\/\/www.trik.de\/en\/wp-json\/wp\/v2\/product_brand?post=9307"},{"taxonomy":"product_cat","embeddable":true,"href":"https:\/\/www.trik.de\/en\/wp-json\/wp\/v2\/product_cat?post=9307"},{"taxonomy":"product_tag","embeddable":true,"href":"https:\/\/www.trik.de\/en\/wp-json\/wp\/v2\/product_tag?post=9307"}],"curies":[{"name":"wp","href":"https:\/\/api.w.org\/{rel}","templated":true}]}}