{"id":9306,"date":"2024-09-17T07:35:40","date_gmt":"2024-09-17T07:35:40","guid":{"rendered":"https:\/\/www.trik.de\/?post_type=product&#038;p=9306"},"modified":"2025-01-30T11:17:31","modified_gmt":"2025-01-30T11:17:31","slug":"3d-blechschilder","status":"publish","type":"product","link":"https:\/\/www.trik.de\/en\/produkt\/3d-blechschilder\/","title":{"rendered":"3D-Blechschilder"},"content":{"rendered":"","protected":false},"excerpt":{"rendered":"<p>Der zeitlose Klassiker. Individuelle Blechschilder mit nostalgischen oder modernen Motiven unterstreichen Ihre Markenidentit\u00e4t. Einzelne Details lassen sich per Pr\u00e4gung dreidimensional erhaben darstellen, was f\u00fcr eine besondere Optik und Haptik sorgt. Werden Sie kreativ und hinterlassen bei Ihren Kunden mit diesen robusten und nachhaltigen Schildern einen stylischen Eindruck.<\/p>\n<p>Mindestbestellmenge: 300 St\u00fcck<\/p>\n<p>&nbsp;<\/p>\n<p style=\"text-align: center;\">[button color=\"accent-color\" hover_text_color_override=\"#fff\" size=\"large\" url=\"mailto:ahuelsmann@trik.de?subject=Newsletter-Anfrage%203D%20Blechschilder\" text=\"Produkt anfragen\" color_override=\"\"]<\/p>\n","protected":false},"featured_media":9315,"template":"","meta":[],"product_brand":[],"product_cat":[68],"product_tag":[],"class_list":{"0":"post-9306","1":"product","2":"type-product","3":"status-publish","4":"has-post-thumbnail","6":"product_cat-newsletter","8":"first","9":"instock","10":"shipping-taxable","11":"product-type-simple"},"_links":{"self":[{"href":"https:\/\/www.trik.de\/en\/wp-json\/wp\/v2\/product\/9306","targetHints":{"allow":["GET"]}}],"collection":[{"href":"https:\/\/www.trik.de\/en\/wp-json\/wp\/v2\/product"}],"about":[{"href":"https:\/\/www.trik.de\/en\/wp-json\/wp\/v2\/types\/product"}],"wp:featuredmedia":[{"embeddable":true,"href":"https:\/\/www.trik.de\/en\/wp-json\/wp\/v2\/media\/9315"}],"wp:attachment":[{"href":"https:\/\/www.trik.de\/en\/wp-json\/wp\/v2\/media?parent=9306"}],"wp:term":[{"taxonomy":"product_brand","embeddable":true,"href":"https:\/\/www.trik.de\/en\/wp-json\/wp\/v2\/product_brand?post=9306"},{"taxonomy":"product_cat","embeddable":true,"href":"https:\/\/www.trik.de\/en\/wp-json\/wp\/v2\/product_cat?post=9306"},{"taxonomy":"product_tag","embeddable":true,"href":"https:\/\/www.trik.de\/en\/wp-json\/wp\/v2\/product_tag?post=9306"}],"curies":[{"name":"wp","href":"https:\/\/api.w.org\/{rel}","templated":true}]}}