{"id":9268,"date":"2024-09-10T07:49:34","date_gmt":"2024-09-10T07:49:34","guid":{"rendered":"https:\/\/www.trik.de\/?post_type=product&#038;p=9268"},"modified":"2025-08-12T10:23:48","modified_gmt":"2025-08-12T10:23:48","slug":"stockschirme","status":"publish","type":"product","link":"https:\/\/www.trik.de\/en\/produkt\/stockschirme\/","title":{"rendered":"Stockschirme"},"content":{"rendered":"","protected":false},"excerpt":{"rendered":"<p>Regenschirme in allen erdenklichen Ausf\u00fchrungen: Low-Budget oder Premium, einfach auf einem Segment bedruckt oder mit All-Over-Motiven (auch auf der Innenseite). Soft-Touch-, Kunststoff- oder Holzgriffe, Hand\u00f6ffner oder Automatik, mit oder ohne UV-Schutz, farbenfroh im Mini-Format f\u00fcr Kinder, mit Soft-Case-Etui und extra sturmfest &#8211; wir haben auch f\u00fcr Sie den perfekten Regenschirm.<\/p>\n<p>Mindestbestellmenge: 100 St\u00fcck<\/p>\n<p>&nbsp;<\/p>\n<p style=\"text-align: center;\">[button color=\"accent-color\" hover_text_color_override=\"#fff\" size=\"large\" url=\"https:\/\/www.trik.de\/newsletter-anfrage-2\/\" text=\"Produkt anfragen\" color_override=\"\"]<\/p>\n","protected":false},"featured_media":9280,"template":"","meta":[],"product_brand":[],"product_cat":[69],"product_tag":[],"class_list":{"0":"post-9268","1":"product","2":"type-product","3":"status-publish","4":"has-post-thumbnail","6":"product_cat-69","8":"first","9":"instock","10":"shipping-taxable","11":"product-type-simple"},"_links":{"self":[{"href":"https:\/\/www.trik.de\/en\/wp-json\/wp\/v2\/product\/9268","targetHints":{"allow":["GET"]}}],"collection":[{"href":"https:\/\/www.trik.de\/en\/wp-json\/wp\/v2\/product"}],"about":[{"href":"https:\/\/www.trik.de\/en\/wp-json\/wp\/v2\/types\/product"}],"wp:featuredmedia":[{"embeddable":true,"href":"https:\/\/www.trik.de\/en\/wp-json\/wp\/v2\/media\/9280"}],"wp:attachment":[{"href":"https:\/\/www.trik.de\/en\/wp-json\/wp\/v2\/media?parent=9268"}],"wp:term":[{"taxonomy":"product_brand","embeddable":true,"href":"https:\/\/www.trik.de\/en\/wp-json\/wp\/v2\/product_brand?post=9268"},{"taxonomy":"product_cat","embeddable":true,"href":"https:\/\/www.trik.de\/en\/wp-json\/wp\/v2\/product_cat?post=9268"},{"taxonomy":"product_tag","embeddable":true,"href":"https:\/\/www.trik.de\/en\/wp-json\/wp\/v2\/product_tag?post=9268"}],"curies":[{"name":"wp","href":"https:\/\/api.w.org\/{rel}","templated":true}]}}