{"id":9200,"date":"2024-08-12T12:43:01","date_gmt":"2024-08-12T12:43:01","guid":{"rendered":"https:\/\/www.trik.de\/?post_type=product&#038;p=9200"},"modified":"2025-01-30T11:21:05","modified_gmt":"2025-01-30T11:21:05","slug":"silikon-kronkorken","status":"publish","type":"product","link":"https:\/\/www.trik.de\/en\/produkt\/silikon-kronkorken\/","title":{"rendered":"Silikon-Kronkorken"},"content":{"rendered":"","protected":false},"excerpt":{"rendered":"<p>Die praktischen Silikon-Kronkorken halten Getr\u00e4nke l\u00e4nger frisch und sch\u00fctzen au\u00dferdem vor Bienen und Wespen. Das lebensmittelechte Silikon kann in jeder Farbe eingef\u00e4rbt und mit Druck oder Pr\u00e4gung veredelt werden. Und das Beste: Durch die verschiedenen Farben werden Flaschen nicht mehr vertauscht.<\/p>\n<p>Mindestbestellmenge: 250 St\u00fcck<\/p>\n<p>&nbsp;<\/p>\n<p style=\"text-align: center;\">[button color=\"accent-color\" hover_text_color_override=\"#fff\" size=\"large\" url=\"mailto:ahuelsmann@trik.de?subject=Newsletter-Anfrage%20Silikon%20Kronkorken\" text=\"Produkt anfragen\" color_override=\"\"]<\/p>\n","protected":false},"featured_media":9220,"template":"","meta":[],"product_brand":[],"product_cat":[68],"product_tag":[],"class_list":{"0":"post-9200","1":"product","2":"type-product","3":"status-publish","4":"has-post-thumbnail","6":"product_cat-newsletter","8":"first","9":"instock","10":"shipping-taxable","11":"product-type-simple"},"_links":{"self":[{"href":"https:\/\/www.trik.de\/en\/wp-json\/wp\/v2\/product\/9200","targetHints":{"allow":["GET"]}}],"collection":[{"href":"https:\/\/www.trik.de\/en\/wp-json\/wp\/v2\/product"}],"about":[{"href":"https:\/\/www.trik.de\/en\/wp-json\/wp\/v2\/types\/product"}],"wp:featuredmedia":[{"embeddable":true,"href":"https:\/\/www.trik.de\/en\/wp-json\/wp\/v2\/media\/9220"}],"wp:attachment":[{"href":"https:\/\/www.trik.de\/en\/wp-json\/wp\/v2\/media?parent=9200"}],"wp:term":[{"taxonomy":"product_brand","embeddable":true,"href":"https:\/\/www.trik.de\/en\/wp-json\/wp\/v2\/product_brand?post=9200"},{"taxonomy":"product_cat","embeddable":true,"href":"https:\/\/www.trik.de\/en\/wp-json\/wp\/v2\/product_cat?post=9200"},{"taxonomy":"product_tag","embeddable":true,"href":"https:\/\/www.trik.de\/en\/wp-json\/wp\/v2\/product_tag?post=9200"}],"curies":[{"name":"wp","href":"https:\/\/api.w.org\/{rel}","templated":true}]}}