{"id":9199,"date":"2024-08-12T12:42:46","date_gmt":"2024-08-12T12:42:46","guid":{"rendered":"https:\/\/www.trik.de\/?post_type=product&#038;p=9199"},"modified":"2025-01-30T10:53:16","modified_gmt":"2025-01-30T10:53:16","slug":"individuelle-schluesselanhaenger","status":"publish","type":"product","link":"https:\/\/www.trik.de\/en\/produkt\/individuelle-schluesselanhaenger\/","title":{"rendered":"Individuelle Schl\u00fcsselanh\u00e4nger"},"content":{"rendered":"","protected":false},"excerpt":{"rendered":"<p>Schl\u00fcsselanh\u00e4nger, die sowohl n\u00fctzlich als auch stilvoll sind und perfekt zu Ihrem Corporate Design passen. Anh\u00e4nger aus Metall, praktische Karabiner, auch in Form Ihres Logos oder ein schwimmender Anh\u00e4nger f\u00fcr Ihre Abenteuer! Mit unseren personalisierten Schl\u00fcsselanh\u00e4ngern wird jedes Schl\u00fcsselbund zum einzigartigen Unikat.<\/p>\n<p>Mindestbestellmenge: 250 St\u00fcck<\/p>\n<p>&nbsp;<\/p>\n<p style=\"text-align: center;\">[button color=\"accent-color\" hover_text_color_override=\"#fff\" size=\"large\" url=\"mailto:ahuelsmann@trik.de?subject=Newsletter-Anfrage%20Individuelle%20Schluesselanhaenger\" text=\"Produkt anfragen\" color_override=\"\"]<\/p>\n","protected":false},"featured_media":9214,"template":"","meta":[],"product_brand":[],"product_cat":[68],"product_tag":[],"class_list":{"0":"post-9199","1":"product","2":"type-product","3":"status-publish","4":"has-post-thumbnail","6":"product_cat-newsletter","8":"first","9":"instock","10":"shipping-taxable","11":"product-type-simple"},"_links":{"self":[{"href":"https:\/\/www.trik.de\/en\/wp-json\/wp\/v2\/product\/9199","targetHints":{"allow":["GET"]}}],"collection":[{"href":"https:\/\/www.trik.de\/en\/wp-json\/wp\/v2\/product"}],"about":[{"href":"https:\/\/www.trik.de\/en\/wp-json\/wp\/v2\/types\/product"}],"wp:featuredmedia":[{"embeddable":true,"href":"https:\/\/www.trik.de\/en\/wp-json\/wp\/v2\/media\/9214"}],"wp:attachment":[{"href":"https:\/\/www.trik.de\/en\/wp-json\/wp\/v2\/media?parent=9199"}],"wp:term":[{"taxonomy":"product_brand","embeddable":true,"href":"https:\/\/www.trik.de\/en\/wp-json\/wp\/v2\/product_brand?post=9199"},{"taxonomy":"product_cat","embeddable":true,"href":"https:\/\/www.trik.de\/en\/wp-json\/wp\/v2\/product_cat?post=9199"},{"taxonomy":"product_tag","embeddable":true,"href":"https:\/\/www.trik.de\/en\/wp-json\/wp\/v2\/product_tag?post=9199"}],"curies":[{"name":"wp","href":"https:\/\/api.w.org\/{rel}","templated":true}]}}