{"id":9133,"date":"2024-07-16T07:33:58","date_gmt":"2024-07-16T07:33:58","guid":{"rendered":"https:\/\/www.trik.de\/?post_type=product&#038;p=9133"},"modified":"2025-01-30T10:54:54","modified_gmt":"2025-01-30T10:54:54","slug":"tischkalender","status":"publish","type":"product","link":"https:\/\/www.trik.de\/en\/produkt\/tischkalender\/","title":{"rendered":"Tischkalender"},"content":{"rendered":"","protected":false},"excerpt":{"rendered":"<p>Zur praktischen \u00dcbersicht auf dem Schreibtisch. Tisch-Querkalender gibt es mit ein- oder mehrsprachigem Kalendarium, Wire-O-Bindung (auch in Sonderfarbe), gro\u00dfen Werbefl\u00e4chen, mit Personalisierung und als hochwertigste Version mit buchbinderisch verarbeitetem Einband. Als Einband w\u00e4hlen Sie je nach Modell zwischen einfachem, 4C-bedruckten Papier, organischem Apfelpapier, Kunststoff, Metallic, Naturkarton, Polychrome, Frost-Transparent und vielen mehr. Veredelung per Digital-, Offset-, Siebdruck oder Pr\u00e4gung. Wir beraten Sie gern.<\/p>\n<p>Mindestbestellmenge: 100 St\u00fcck<\/p>\n<p>&nbsp;<\/p>\n<p style=\"text-align: center;\">[button color=\"accent-color\" hover_text_color_override=\"#fff\" size=\"large\" url=\"mailto:ahuelsmann@trik.de?subject=Newsletter-Anfrage%20Tischkalender\" text=\"Produkt anfragen\" color_override=\"\"]<\/p>\n","protected":false},"featured_media":9151,"template":"","meta":[],"product_brand":[],"product_cat":[68],"product_tag":[],"class_list":{"0":"post-9133","1":"product","2":"type-product","3":"status-publish","4":"has-post-thumbnail","6":"product_cat-newsletter","8":"first","9":"instock","10":"shipping-taxable","11":"product-type-simple"},"_links":{"self":[{"href":"https:\/\/www.trik.de\/en\/wp-json\/wp\/v2\/product\/9133","targetHints":{"allow":["GET"]}}],"collection":[{"href":"https:\/\/www.trik.de\/en\/wp-json\/wp\/v2\/product"}],"about":[{"href":"https:\/\/www.trik.de\/en\/wp-json\/wp\/v2\/types\/product"}],"wp:featuredmedia":[{"embeddable":true,"href":"https:\/\/www.trik.de\/en\/wp-json\/wp\/v2\/media\/9151"}],"wp:attachment":[{"href":"https:\/\/www.trik.de\/en\/wp-json\/wp\/v2\/media?parent=9133"}],"wp:term":[{"taxonomy":"product_brand","embeddable":true,"href":"https:\/\/www.trik.de\/en\/wp-json\/wp\/v2\/product_brand?post=9133"},{"taxonomy":"product_cat","embeddable":true,"href":"https:\/\/www.trik.de\/en\/wp-json\/wp\/v2\/product_cat?post=9133"},{"taxonomy":"product_tag","embeddable":true,"href":"https:\/\/www.trik.de\/en\/wp-json\/wp\/v2\/product_tag?post=9133"}],"curies":[{"name":"wp","href":"https:\/\/api.w.org\/{rel}","templated":true}]}}