{"id":9026,"date":"2024-06-18T08:16:34","date_gmt":"2024-06-18T08:16:34","guid":{"rendered":"https:\/\/www.trik.de\/?post_type=product&#038;p=9026"},"modified":"2025-01-30T10:57:58","modified_gmt":"2025-01-30T10:57:58","slug":"elektrische-spielzeuge","status":"publish","type":"product","link":"https:\/\/www.trik.de\/en\/produkt\/elektrische-spielzeuge\/","title":{"rendered":"Elektrische Spielzeuge"},"content":{"rendered":"","protected":false},"excerpt":{"rendered":"<p>Setzen Sie auf elektrische Spielzeuge, die die Kinderherzen h\u00f6herschlagen lassen. Unsere Produkte erf\u00fcllen alle marktspezifischen Sicherheitsanforderungen und Richtlinien. Auf Wunsch k\u00f6nnen die Artikel auch f\u00fcr den weltweiten Vertrieb zertifiziert werden.<\/p>\n<p>Mindestbestellmenge: 1.000 St\u00fcck<\/p>\n<p>&nbsp;<\/p>\n<p style=\"text-align: center;\">[button color=\"accent-color\" hover_text_color_override=\"#fff\" size=\"large\" url=\"mailto:ahuelsmann@trik.de?subject=Newsletter-Anfrage%20Elektrische%20Spielzeuge\" text=\"Produkt anfragen\" color_override=\"\"]<\/p>\n","protected":false},"featured_media":8121,"template":"","meta":[],"product_brand":[],"product_cat":[68],"product_tag":[],"class_list":{"0":"post-9026","1":"product","2":"type-product","3":"status-publish","4":"has-post-thumbnail","6":"product_cat-newsletter","8":"first","9":"instock","10":"shipping-taxable","11":"product-type-simple"},"_links":{"self":[{"href":"https:\/\/www.trik.de\/en\/wp-json\/wp\/v2\/product\/9026","targetHints":{"allow":["GET"]}}],"collection":[{"href":"https:\/\/www.trik.de\/en\/wp-json\/wp\/v2\/product"}],"about":[{"href":"https:\/\/www.trik.de\/en\/wp-json\/wp\/v2\/types\/product"}],"wp:featuredmedia":[{"embeddable":true,"href":"https:\/\/www.trik.de\/en\/wp-json\/wp\/v2\/media\/8121"}],"wp:attachment":[{"href":"https:\/\/www.trik.de\/en\/wp-json\/wp\/v2\/media?parent=9026"}],"wp:term":[{"taxonomy":"product_brand","embeddable":true,"href":"https:\/\/www.trik.de\/en\/wp-json\/wp\/v2\/product_brand?post=9026"},{"taxonomy":"product_cat","embeddable":true,"href":"https:\/\/www.trik.de\/en\/wp-json\/wp\/v2\/product_cat?post=9026"},{"taxonomy":"product_tag","embeddable":true,"href":"https:\/\/www.trik.de\/en\/wp-json\/wp\/v2\/product_tag?post=9026"}],"curies":[{"name":"wp","href":"https:\/\/api.w.org\/{rel}","templated":true}]}}