{"id":8939,"date":"2024-06-04T07:46:48","date_gmt":"2024-06-04T07:46:48","guid":{"rendered":"https:\/\/www.trik.de\/?post_type=product&#038;p=8939"},"modified":"2025-01-30T10:58:54","modified_gmt":"2025-01-30T10:58:54","slug":"custom-made-bbq-grill-set","status":"publish","type":"product","link":"https:\/\/www.trik.de\/en\/produkt\/custom-made-bbq-grill-set\/","title":{"rendered":"Custom-Made BBQ-\/ Grill-Set"},"content":{"rendered":"","protected":false},"excerpt":{"rendered":"<p>Das hochwertige Grill-Set besteht aus Zange, Pinsel, Spie\u00dfer und Wender mit Flaschen\u00f6ffnerfunktion und kommt im schwarzen Lederetui mit schlichter Logopr\u00e4gung. Auf den Schaft aus schwarz-oxidiertem Edelstahl wurde das Kundenlogo gelasert. Ein weiteres Highlight ist die Logostanzung im Grillwender.<\/p>\n<p>Mindestbestellmenge: 1.000 St\u00fcck<\/p>\n<p>&nbsp;<\/p>\n<p style=\"text-align: center;\">[button color=\"accent-color\" hover_text_color_override=\"#fff\" size=\"large\" url=\"mailto:ahuelsmann@trik.de?subject=Newsletter-Anfrage%20BBQ%20Grill-Besteck\" text=\"Produkt anfragen\" color_override=\"\"]<\/p>\n","protected":false},"featured_media":8970,"template":"","meta":[],"product_brand":[],"product_cat":[68],"product_tag":[],"class_list":{"0":"post-8939","1":"product","2":"type-product","3":"status-publish","4":"has-post-thumbnail","6":"product_cat-newsletter","8":"first","9":"instock","10":"shipping-taxable","11":"product-type-simple"},"_links":{"self":[{"href":"https:\/\/www.trik.de\/en\/wp-json\/wp\/v2\/product\/8939","targetHints":{"allow":["GET"]}}],"collection":[{"href":"https:\/\/www.trik.de\/en\/wp-json\/wp\/v2\/product"}],"about":[{"href":"https:\/\/www.trik.de\/en\/wp-json\/wp\/v2\/types\/product"}],"wp:featuredmedia":[{"embeddable":true,"href":"https:\/\/www.trik.de\/en\/wp-json\/wp\/v2\/media\/8970"}],"wp:attachment":[{"href":"https:\/\/www.trik.de\/en\/wp-json\/wp\/v2\/media?parent=8939"}],"wp:term":[{"taxonomy":"product_brand","embeddable":true,"href":"https:\/\/www.trik.de\/en\/wp-json\/wp\/v2\/product_brand?post=8939"},{"taxonomy":"product_cat","embeddable":true,"href":"https:\/\/www.trik.de\/en\/wp-json\/wp\/v2\/product_cat?post=8939"},{"taxonomy":"product_tag","embeddable":true,"href":"https:\/\/www.trik.de\/en\/wp-json\/wp\/v2\/product_tag?post=8939"}],"curies":[{"name":"wp","href":"https:\/\/api.w.org\/{rel}","templated":true}]}}