{"id":8838,"date":"2024-04-30T07:28:17","date_gmt":"2024-04-30T07:28:17","guid":{"rendered":"https:\/\/www.trik.de\/?post_type=product&#038;p=8838"},"modified":"2025-01-30T10:49:13","modified_gmt":"2025-01-30T10:49:13","slug":"shopping-bag","status":"publish","type":"product","link":"https:\/\/www.trik.de\/en\/produkt\/shopping-bag\/","title":{"rendered":"Shopping Bag"},"content":{"rendered":"","protected":false},"excerpt":{"rendered":"<p>Exklusive Shopping Bag. Die ca. 30 x 40 cm gro\u00dfe Einkaufstasche aus Polyester hat per Kreuznaht vern\u00e4hte Kunstledergriffe, ein hochwertiges Innenfutter, eine verst\u00e4rkte Bodennaht, eine Innentasche mit Rei\u00dfverschluss und wird selbstverst\u00e4ndlich nach Ihren Vorgaben eingef\u00e4rbt. Stickereien, Weblabeln, Drucken oder Applikationen, wie z.B. einem sowie einem bedruckten, aufgen\u00e4hten Kunstleder-Strap.<\/p>\n<p>Sonderanfertigung<\/p>\n<p>Mindestbestellmenge: 1.000 St\u00fcck<\/p>\n<p>&nbsp;<\/p>\n<p style=\"text-align: center;\">[button color=\"accent-color\" hover_text_color_override=\"#fff\" size=\"large\" url=\"mailto:ahuelsmann@trik.de?subject=Newsletter-Anfrage%20Shopping-Bag%20Gerolsteiner\" text=\"Produkt anfragen\" color_override=\"\"]<\/p>\n<p>&nbsp;<\/p>\n","protected":false},"featured_media":6190,"template":"","meta":[],"product_brand":[],"product_cat":[68],"product_tag":[],"class_list":{"0":"post-8838","1":"product","2":"type-product","3":"status-publish","4":"has-post-thumbnail","6":"product_cat-newsletter","8":"first","9":"instock","10":"shipping-taxable","11":"product-type-simple"},"_links":{"self":[{"href":"https:\/\/www.trik.de\/en\/wp-json\/wp\/v2\/product\/8838","targetHints":{"allow":["GET"]}}],"collection":[{"href":"https:\/\/www.trik.de\/en\/wp-json\/wp\/v2\/product"}],"about":[{"href":"https:\/\/www.trik.de\/en\/wp-json\/wp\/v2\/types\/product"}],"wp:featuredmedia":[{"embeddable":true,"href":"https:\/\/www.trik.de\/en\/wp-json\/wp\/v2\/media\/6190"}],"wp:attachment":[{"href":"https:\/\/www.trik.de\/en\/wp-json\/wp\/v2\/media?parent=8838"}],"wp:term":[{"taxonomy":"product_brand","embeddable":true,"href":"https:\/\/www.trik.de\/en\/wp-json\/wp\/v2\/product_brand?post=8838"},{"taxonomy":"product_cat","embeddable":true,"href":"https:\/\/www.trik.de\/en\/wp-json\/wp\/v2\/product_cat?post=8838"},{"taxonomy":"product_tag","embeddable":true,"href":"https:\/\/www.trik.de\/en\/wp-json\/wp\/v2\/product_tag?post=8838"}],"curies":[{"name":"wp","href":"https:\/\/api.w.org\/{rel}","templated":true}]}}