{"id":8729,"date":"2024-04-08T15:04:59","date_gmt":"2024-04-08T15:04:59","guid":{"rendered":"https:\/\/www.trik.de\/?post_type=product&#038;p=8729"},"modified":"2024-09-23T12:50:20","modified_gmt":"2024-09-23T12:50:20","slug":"adventskalender-teegenuss","status":"publish","type":"product","link":"https:\/\/www.trik.de\/en\/produkt\/adventskalender-teegenuss\/","title":{"rendered":"Adventskalender Teegenuss"},"content":{"rendered":"","protected":false},"excerpt":{"rendered":"<p>Sehr beliebt in B\u00fcros: 24 Tage Teegenuss! Mit einem Tee-Adventskalender wird Ihre Werbung zum Mittelpunkt. Die F\u00fcllung mit hochwertigen Teek\u00f6stlichkeiten aus dem Hause Me\u00dfmer verw\u00f6hnt auch anspruchsvolle Teefreunde. Klimaneutrales Produkt, gefertigt aus FSC\u00ae-zertifiziertem Karton und nat\u00fcrlich zu 100 % recycelbar.<\/p>\n<p>Mindestbestellmenge: Je nach Ausf\u00fchrung 100 &#8211; 250 St\u00fcck<\/p>\n<p>&nbsp;<\/p>\n<p style=\"text-align: center;\">[button color=\"accent-color\" hover_text_color_override=\"#fff\" size=\"large\" url=\"mailto:info@trik.de?subject=Newsletter-Anfrage%20Adventskalender%20Teegenuss\" text=\"Produkt anfragen\" color_override=\"\"]<\/p>\n<p>&nbsp;<\/p>\n","protected":false},"featured_media":8768,"template":"","meta":[],"product_brand":[],"product_cat":[68],"product_tag":[],"class_list":{"0":"post-8729","1":"product","2":"type-product","3":"status-publish","4":"has-post-thumbnail","6":"product_cat-newsletter","8":"first","9":"instock","10":"shipping-taxable","11":"product-type-simple"},"_links":{"self":[{"href":"https:\/\/www.trik.de\/en\/wp-json\/wp\/v2\/product\/8729","targetHints":{"allow":["GET"]}}],"collection":[{"href":"https:\/\/www.trik.de\/en\/wp-json\/wp\/v2\/product"}],"about":[{"href":"https:\/\/www.trik.de\/en\/wp-json\/wp\/v2\/types\/product"}],"wp:featuredmedia":[{"embeddable":true,"href":"https:\/\/www.trik.de\/en\/wp-json\/wp\/v2\/media\/8768"}],"wp:attachment":[{"href":"https:\/\/www.trik.de\/en\/wp-json\/wp\/v2\/media?parent=8729"}],"wp:term":[{"taxonomy":"product_brand","embeddable":true,"href":"https:\/\/www.trik.de\/en\/wp-json\/wp\/v2\/product_brand?post=8729"},{"taxonomy":"product_cat","embeddable":true,"href":"https:\/\/www.trik.de\/en\/wp-json\/wp\/v2\/product_cat?post=8729"},{"taxonomy":"product_tag","embeddable":true,"href":"https:\/\/www.trik.de\/en\/wp-json\/wp\/v2\/product_tag?post=8729"}],"curies":[{"name":"wp","href":"https:\/\/api.w.org\/{rel}","templated":true}]}}