{"id":8728,"date":"2024-04-08T15:04:55","date_gmt":"2024-04-08T15:04:55","guid":{"rendered":"https:\/\/www.trik.de\/?post_type=product&#038;p=8728"},"modified":"2024-09-23T12:49:37","modified_gmt":"2024-09-23T12:49:37","slug":"adventskalender-bausatz","status":"publish","type":"product","link":"https:\/\/www.trik.de\/en\/produkt\/adventskalender-bausatz\/","title":{"rendered":"Adventskalender Bausatz"},"content":{"rendered":"","protected":false},"excerpt":{"rendered":"<p>Nachhaltige Werbung und Bastelspa\u00df. Ein Bausatz-Adventskalender &#8211; wirkt auch weit nach der Adventszeit. Weitere Baus\u00e4tze, wie LKWs mit Anh\u00e4ngern oder auch H\u00e4user-Sets aus Klemmbausteinen, runden das Sortiment ab.<\/p>\n<p>M\u00f6gliche Werbeanbringung:<br \/>\nKalender im Offset- oder Digitaldruck<br \/>\nLKW\/Sattelschlepper: Seitenw\u00e4nde optional im 4c-Digitaldruck<br \/>\nHaus: 3 Fassadenw\u00e4nde optional im 4c-Digitaldruck<\/p>\n<p>Gr\u00f6\u00dfe Kalender: ca. 29,0 x 22,0 x 1,5 cm<br \/>\nGr\u00f6\u00dfe Sattelschlepper: ca. 15,8 x 5,5 x 3,3 cm<\/p>\n<p>Gr\u00f6\u00dfe Kalender: ca. 34,3 x 24,2 x 1,5 cm<br \/>\nGr\u00f6\u00dfe LKW: ca. 15 x 4,8 x 3,3 cm<\/p>\n<p>Gr\u00f6\u00dfe Kalender: ca. 34,3 x 24,2 x 1,5 cm<br \/>\nGr\u00f6\u00dfe Haus: ca. 11,2 x 7,1 x 6,4 cm<\/p>\n<p>Materialien:<br \/>\n&#8211; Kalender aus zertifiziertem Sulfatkarton aus nachhaltigem Anbau aus der EU<br \/>\n&#8211; LKW-Bauteile aus nachhaltigem, hochwertigem ABS (Reifen aus TPE)<br \/>\n&#8211; Haus-Bauteile aus nachhaltigem, hochwertigem ABS<br \/>\n&#8211; Blister zu 100% aus recyceltem Kunststoff &#8211; \u00f6kologisch und nachhaltig<\/p>\n<p>&nbsp;<\/p>\n<p style=\"text-align: center;\">[button color=\"accent-color\" hover_text_color_override=\"#fff\" size=\"large\" url=\"mailto:info@trik.de?subject=Newsletter-Anfrage%20Adventskalender%20Bausatz\" text=\"Produkt anfragen\" color_override=\"\"]<\/p>\n<p>&nbsp;<\/p>\n","protected":false},"featured_media":8754,"template":"","meta":[],"product_brand":[],"product_cat":[68],"product_tag":[],"class_list":{"0":"post-8728","1":"product","2":"type-product","3":"status-publish","4":"has-post-thumbnail","6":"product_cat-newsletter","8":"first","9":"instock","10":"shipping-taxable","11":"product-type-simple"},"_links":{"self":[{"href":"https:\/\/www.trik.de\/en\/wp-json\/wp\/v2\/product\/8728","targetHints":{"allow":["GET"]}}],"collection":[{"href":"https:\/\/www.trik.de\/en\/wp-json\/wp\/v2\/product"}],"about":[{"href":"https:\/\/www.trik.de\/en\/wp-json\/wp\/v2\/types\/product"}],"wp:featuredmedia":[{"embeddable":true,"href":"https:\/\/www.trik.de\/en\/wp-json\/wp\/v2\/media\/8754"}],"wp:attachment":[{"href":"https:\/\/www.trik.de\/en\/wp-json\/wp\/v2\/media?parent=8728"}],"wp:term":[{"taxonomy":"product_brand","embeddable":true,"href":"https:\/\/www.trik.de\/en\/wp-json\/wp\/v2\/product_brand?post=8728"},{"taxonomy":"product_cat","embeddable":true,"href":"https:\/\/www.trik.de\/en\/wp-json\/wp\/v2\/product_cat?post=8728"},{"taxonomy":"product_tag","embeddable":true,"href":"https:\/\/www.trik.de\/en\/wp-json\/wp\/v2\/product_tag?post=8728"}],"curies":[{"name":"wp","href":"https:\/\/api.w.org\/{rel}","templated":true}]}}