{"id":8727,"date":"2024-04-08T15:04:52","date_gmt":"2024-04-08T15:04:52","guid":{"rendered":"https:\/\/www.trik.de\/?post_type=product&#038;p=8727"},"modified":"2024-09-23T12:49:06","modified_gmt":"2024-09-23T12:49:06","slug":"adventskalender-schokolade","status":"publish","type":"product","link":"https:\/\/www.trik.de\/en\/produkt\/adventskalender-schokolade\/","title":{"rendered":"Adventskalender Schokolade"},"content":{"rendered":"","protected":false},"excerpt":{"rendered":"<p>Bestseller seit eh und je: Adventskalender mit Schokolade. Es gibt sie als Tisch- oder Wandkalender geformt als Laptop, Quader, Haus, Pyramide, Weihnachtsbaum, LKW, Container, Transporter, Bus, Turm, Stern, Rund, mit Jahresplaner oder in Sonderform. Auf Wunsch gefertigt aus FSC\u00ae-zertifiziertem Karton. Ihrer Kreativit\u00e4t sind keine Grenzen gesetzt. Und f\u00fcr die Schokolade w\u00e4hlen Sie aus folgenden Herstellern:<\/p>\n<p>Lindt, Lindt Hello, Milka, RitterSPORT, Sarotti, Toblerone, Tony&#8217;s oder Zentis<\/p>\n<p>Mindestbestellmenge: Je nach Ausf\u00fchrung 50 &#8211; 500 St\u00fcck<\/p>\n<p>&nbsp;<\/p>\n<p style=\"text-align: center;\">[button color=\"accent-color\" hover_text_color_override=\"#fff\" size=\"large\" url=\"mailto:info@trik.de?subject=Newsletter-Anfrage%20Adventskalender%20Schokolade\" text=\"Produkt anfragen\" color_override=\"\"]<\/p>\n<p>&nbsp;<\/p>\n","protected":false},"featured_media":8730,"template":"","meta":[],"product_brand":[],"product_cat":[68],"product_tag":[],"class_list":{"0":"post-8727","1":"product","2":"type-product","3":"status-publish","4":"has-post-thumbnail","6":"product_cat-newsletter","8":"first","9":"instock","10":"shipping-taxable","11":"product-type-simple"},"_links":{"self":[{"href":"https:\/\/www.trik.de\/en\/wp-json\/wp\/v2\/product\/8727","targetHints":{"allow":["GET"]}}],"collection":[{"href":"https:\/\/www.trik.de\/en\/wp-json\/wp\/v2\/product"}],"about":[{"href":"https:\/\/www.trik.de\/en\/wp-json\/wp\/v2\/types\/product"}],"wp:featuredmedia":[{"embeddable":true,"href":"https:\/\/www.trik.de\/en\/wp-json\/wp\/v2\/media\/8730"}],"wp:attachment":[{"href":"https:\/\/www.trik.de\/en\/wp-json\/wp\/v2\/media?parent=8727"}],"wp:term":[{"taxonomy":"product_brand","embeddable":true,"href":"https:\/\/www.trik.de\/en\/wp-json\/wp\/v2\/product_brand?post=8727"},{"taxonomy":"product_cat","embeddable":true,"href":"https:\/\/www.trik.de\/en\/wp-json\/wp\/v2\/product_cat?post=8727"},{"taxonomy":"product_tag","embeddable":true,"href":"https:\/\/www.trik.de\/en\/wp-json\/wp\/v2\/product_tag?post=8727"}],"curies":[{"name":"wp","href":"https:\/\/api.w.org\/{rel}","templated":true}]}}