{"id":8701,"date":"2024-03-26T09:02:52","date_gmt":"2024-03-26T09:02:52","guid":{"rendered":"https:\/\/www.trik.de\/?post_type=product&#038;p=8701"},"modified":"2025-01-30T10:47:40","modified_gmt":"2025-01-30T10:47:40","slug":"meeresschutz-flasche","status":"publish","type":"product","link":"https:\/\/www.trik.de\/en\/produkt\/meeresschutz-flasche\/","title":{"rendered":"Meeresschutz Flasche"},"content":{"rendered":"","protected":false},"excerpt":{"rendered":"<p>Die vakuumisolierte Flasche h\u00e4lt Getr\u00e4nke bis zu 8 Stunden hei\u00df und bis zu 18 Stunden kalt. Mit jedem Kauf unterst\u00fctzen Sie in die Sammlung von 1000 Plastikflaschen, damit diese nicht ins Meer gelangen. Hergestellt aus recyceltem Edelstahl und Ocean-Bound Kunststoff, verf\u00fcgt die Flasche \u00fcber eine doppelte \u00d6ffnung f\u00fcr einfache Reinigung und Bef\u00fcllung sowie einen auslaufsicheren Deckel mit praktischer Trageschlaufe.<\/p>\n<p>Mindestbestellmenge: 100 St\u00fcck<\/p>\n<p>&nbsp;<\/p>\n<p style=\"text-align: center;\">[button color=\"accent-color\" hover_text_color_override=\"#fff\" size=\"large\" url=\"mailto:ahuelsmann@trik.de?subject=Newsletter-Anfrage%20Meeresschutz%20Flasche\" text=\"Produkt anfragen\" color_override=\"\"]<\/p>\n<p>&nbsp;<\/p>\n","protected":false},"featured_media":8702,"template":"","meta":[],"product_brand":[],"product_cat":[68],"product_tag":[],"class_list":{"0":"post-8701","1":"product","2":"type-product","3":"status-publish","4":"has-post-thumbnail","6":"product_cat-newsletter","8":"first","9":"instock","10":"shipping-taxable","11":"product-type-simple"},"_links":{"self":[{"href":"https:\/\/www.trik.de\/en\/wp-json\/wp\/v2\/product\/8701","targetHints":{"allow":["GET"]}}],"collection":[{"href":"https:\/\/www.trik.de\/en\/wp-json\/wp\/v2\/product"}],"about":[{"href":"https:\/\/www.trik.de\/en\/wp-json\/wp\/v2\/types\/product"}],"wp:featuredmedia":[{"embeddable":true,"href":"https:\/\/www.trik.de\/en\/wp-json\/wp\/v2\/media\/8702"}],"wp:attachment":[{"href":"https:\/\/www.trik.de\/en\/wp-json\/wp\/v2\/media?parent=8701"}],"wp:term":[{"taxonomy":"product_brand","embeddable":true,"href":"https:\/\/www.trik.de\/en\/wp-json\/wp\/v2\/product_brand?post=8701"},{"taxonomy":"product_cat","embeddable":true,"href":"https:\/\/www.trik.de\/en\/wp-json\/wp\/v2\/product_cat?post=8701"},{"taxonomy":"product_tag","embeddable":true,"href":"https:\/\/www.trik.de\/en\/wp-json\/wp\/v2\/product_tag?post=8701"}],"curies":[{"name":"wp","href":"https:\/\/api.w.org\/{rel}","templated":true}]}}