{"id":8637,"date":"2024-03-25T14:26:37","date_gmt":"2024-03-25T14:26:37","guid":{"rendered":"https:\/\/www.trik.de\/?post_type=product&#038;p=8637"},"modified":"2025-01-30T10:47:16","modified_gmt":"2025-01-30T10:47:16","slug":"glasflasche-artbottles","status":"publish","type":"product","link":"https:\/\/www.trik.de\/en\/produkt\/glasflasche-artbottles\/","title":{"rendered":"Glasflasche \/ artbottles"},"content":{"rendered":"","protected":false},"excerpt":{"rendered":"<p>Die hochwertige Glasflasche, die f\u00fcr Sodastream-Ger\u00e4te geeignet ist, wird in Deutschland hergestellt und ist eine nachhaltige und stilvolle M\u00f6glichkeit Getr\u00e4nke zu genie\u00dfen. Ihr individuelles Design kann rundum und in 4C aufgedruckt werden. Die Glasflasche garantiert Langlebigkeit und Benutzerfreundlichkeit.<\/p>\n<p>Mindestbestellmenge: 100 St\u00fcck<\/p>\n<p>&nbsp;<\/p>\n<p style=\"text-align: center;\">[button color=\"accent-color\" hover_text_color_override=\"#fff\" size=\"large\" url=\"mailto:ahuelsmann@trik.de?subject=Newsletter-Anfrage%20Artbottle\" text=\"Produkt anfragen\" color_override=\"\"]<\/p>\n<p>&nbsp;<\/p>\n","protected":false},"featured_media":8648,"template":"","meta":[],"product_brand":[],"product_cat":[68],"product_tag":[],"class_list":{"0":"post-8637","1":"product","2":"type-product","3":"status-publish","4":"has-post-thumbnail","6":"product_cat-newsletter","8":"first","9":"instock","10":"shipping-taxable","11":"product-type-simple"},"_links":{"self":[{"href":"https:\/\/www.trik.de\/en\/wp-json\/wp\/v2\/product\/8637","targetHints":{"allow":["GET"]}}],"collection":[{"href":"https:\/\/www.trik.de\/en\/wp-json\/wp\/v2\/product"}],"about":[{"href":"https:\/\/www.trik.de\/en\/wp-json\/wp\/v2\/types\/product"}],"wp:featuredmedia":[{"embeddable":true,"href":"https:\/\/www.trik.de\/en\/wp-json\/wp\/v2\/media\/8648"}],"wp:attachment":[{"href":"https:\/\/www.trik.de\/en\/wp-json\/wp\/v2\/media?parent=8637"}],"wp:term":[{"taxonomy":"product_brand","embeddable":true,"href":"https:\/\/www.trik.de\/en\/wp-json\/wp\/v2\/product_brand?post=8637"},{"taxonomy":"product_cat","embeddable":true,"href":"https:\/\/www.trik.de\/en\/wp-json\/wp\/v2\/product_cat?post=8637"},{"taxonomy":"product_tag","embeddable":true,"href":"https:\/\/www.trik.de\/en\/wp-json\/wp\/v2\/product_tag?post=8637"}],"curies":[{"name":"wp","href":"https:\/\/api.w.org\/{rel}","templated":true}]}}