{"id":8636,"date":"2024-03-25T14:26:33","date_gmt":"2024-03-25T14:26:33","guid":{"rendered":"https:\/\/www.trik.de\/?post_type=product&#038;p=8636"},"modified":"2025-01-30T10:47:02","modified_gmt":"2025-01-30T10:47:02","slug":"milchkanne-aluminium-trinkflasche","status":"publish","type":"product","link":"https:\/\/www.trik.de\/en\/produkt\/milchkanne-aluminium-trinkflasche\/","title":{"rendered":"&#8220;Milchkanne&#8221; Aluminium-Trinkflasche"},"content":{"rendered":"","protected":false},"excerpt":{"rendered":"<p>Unsere 650 ml Aluminiumflasche aus recyceltem Aluminium besticht durch ihre gl\u00e4nzende Oberfl\u00e4che und ihren passenden silbernen Schraubverschluss mit integriertem Griff. Verf\u00fcgbar in verschiedenen Farbvarianten, tr\u00e4gt sie stolz das Recycled-Aluminium-Logo und ist BPA-frei. Jede Flasche ist einzeln in einer Kraft-Papier-Box verpackt. Die GRS-Zertifizierung garantiert ihre recycelte Herkunft und unterstreicht das umweltbewusste Engagement im Herstellungsprozess.<\/p>\n<p>Mindestbestellmenge: 100 St\u00fcck<\/p>\n<p>&nbsp;<\/p>\n<p style=\"text-align: center;\">[button color=\"accent-color\" hover_text_color_override=\"#fff\" size=\"large\" url=\"mailto:ahuelsmann@trik.de?subject=Newsletter-Anfrage%20Aluflasche%20Milchkanne\" text=\"Produkt anfragen\" color_override=\"\"]<\/p>\n<p>&nbsp;<\/p>\n","protected":false},"featured_media":8662,"template":"","meta":[],"product_brand":[],"product_cat":[68],"product_tag":[],"class_list":{"0":"post-8636","1":"product","2":"type-product","3":"status-publish","4":"has-post-thumbnail","6":"product_cat-newsletter","8":"first","9":"instock","10":"shipping-taxable","11":"product-type-simple"},"_links":{"self":[{"href":"https:\/\/www.trik.de\/en\/wp-json\/wp\/v2\/product\/8636","targetHints":{"allow":["GET"]}}],"collection":[{"href":"https:\/\/www.trik.de\/en\/wp-json\/wp\/v2\/product"}],"about":[{"href":"https:\/\/www.trik.de\/en\/wp-json\/wp\/v2\/types\/product"}],"wp:featuredmedia":[{"embeddable":true,"href":"https:\/\/www.trik.de\/en\/wp-json\/wp\/v2\/media\/8662"}],"wp:attachment":[{"href":"https:\/\/www.trik.de\/en\/wp-json\/wp\/v2\/media?parent=8636"}],"wp:term":[{"taxonomy":"product_brand","embeddable":true,"href":"https:\/\/www.trik.de\/en\/wp-json\/wp\/v2\/product_brand?post=8636"},{"taxonomy":"product_cat","embeddable":true,"href":"https:\/\/www.trik.de\/en\/wp-json\/wp\/v2\/product_cat?post=8636"},{"taxonomy":"product_tag","embeddable":true,"href":"https:\/\/www.trik.de\/en\/wp-json\/wp\/v2\/product_tag?post=8636"}],"curies":[{"name":"wp","href":"https:\/\/api.w.org\/{rel}","templated":true}]}}