{"id":8635,"date":"2024-03-25T14:26:29","date_gmt":"2024-03-25T14:26:29","guid":{"rendered":"https:\/\/www.trik.de\/?post_type=product&#038;p=8635"},"modified":"2025-01-30T10:46:31","modified_gmt":"2025-01-30T10:46:31","slug":"sportflasche","status":"publish","type":"product","link":"https:\/\/www.trik.de\/en\/produkt\/sportflasche\/","title":{"rendered":"Sportflasche"},"content":{"rendered":"","protected":false},"excerpt":{"rendered":"<p>Die extrem robuste Sport-Trinkflasche aus Tritan ist in verschiedenen Fassungsgr\u00f6\u00dfen erh\u00e4ltlich und verf\u00fcgt \u00fcber eine praktische Textilschlaufe sowie einen einh\u00e4ndig bedien- und verschlie\u00dfbaren Deckel. Mit der M\u00f6glichkeit eines Allover-Drucks bietet sie eine personalisierte und stilvolle Option f\u00fcr unterwegs.<\/p>\n<p>Mindestbestellmenge: 100 St\u00fcck<\/p>\n<p>&nbsp;<\/p>\n<p style=\"text-align: center;\">[button color=\"accent-color\" hover_text_color_override=\"#fff\" size=\"large\" url=\"mailto:ahuelsmann@trik.de?subject=Newsletter-Anfrage%20Sportflasche%20GTI\" text=\"Produkt anfragen\" color_override=\"\"]<\/p>\n<p>&nbsp;<\/p>\n","protected":false},"featured_media":8670,"template":"","meta":[],"product_brand":[],"product_cat":[68],"product_tag":[],"class_list":{"0":"post-8635","1":"product","2":"type-product","3":"status-publish","4":"has-post-thumbnail","6":"product_cat-newsletter","8":"first","9":"instock","10":"shipping-taxable","11":"product-type-simple"},"_links":{"self":[{"href":"https:\/\/www.trik.de\/en\/wp-json\/wp\/v2\/product\/8635","targetHints":{"allow":["GET"]}}],"collection":[{"href":"https:\/\/www.trik.de\/en\/wp-json\/wp\/v2\/product"}],"about":[{"href":"https:\/\/www.trik.de\/en\/wp-json\/wp\/v2\/types\/product"}],"wp:featuredmedia":[{"embeddable":true,"href":"https:\/\/www.trik.de\/en\/wp-json\/wp\/v2\/media\/8670"}],"wp:attachment":[{"href":"https:\/\/www.trik.de\/en\/wp-json\/wp\/v2\/media?parent=8635"}],"wp:term":[{"taxonomy":"product_brand","embeddable":true,"href":"https:\/\/www.trik.de\/en\/wp-json\/wp\/v2\/product_brand?post=8635"},{"taxonomy":"product_cat","embeddable":true,"href":"https:\/\/www.trik.de\/en\/wp-json\/wp\/v2\/product_cat?post=8635"},{"taxonomy":"product_tag","embeddable":true,"href":"https:\/\/www.trik.de\/en\/wp-json\/wp\/v2\/product_tag?post=8635"}],"curies":[{"name":"wp","href":"https:\/\/api.w.org\/{rel}","templated":true}]}}