{"id":8612,"date":"2024-03-18T08:59:25","date_gmt":"2024-03-18T08:59:25","guid":{"rendered":"https:\/\/www.trik.de\/?post_type=product&#038;p=8612"},"modified":"2024-03-19T08:48:17","modified_gmt":"2024-03-19T08:48:17","slug":"gepaecktaschen-set","status":"publish","type":"product","link":"https:\/\/www.trik.de\/en\/produkt\/gepaecktaschen-set\/","title":{"rendered":"Gep\u00e4cktaschen-Set"},"content":{"rendered":"","protected":false},"excerpt":{"rendered":"<p>Das Gep\u00e4cktaschen-Set l\u00e4sst sich ganz nach Ihren W\u00fcnschen beispielsweise in Anzahl und Format der Taschen konfigurieren. Das hier gezeigte Set besteht aus drei unterschiedlich gro\u00dfen Taschen. Die Packtaschen k\u00f6nnen mit Hilfe eines umlaufenden Rei\u00dfverschlusses in der H\u00f6he reduziert werden, wodurch sich das Packvolumen reduzieren l\u00e4sst.<\/p>\n<p>Optional lassen sich die Packtaschen durch einen Zugbeutel erg\u00e4nzen, der sich bspw. f\u00fcr Schuhe oder Schmutzw\u00e4sche nutzen l\u00e4sst, der aber auch f\u00fcr kurze Ausfl\u00fcge sehr praktisch ist.<\/p>\n<p>Material: recyceltes Ripstop-Nylon und Mesh-Material (atmungsaktiv)<\/p>\n<p>Abmessungen der Taschen: Tasche S: 28 x 4 x 10 cm, Tasche M: 28 x 18 x 10 cm, Tasche L: 35 x 28 x 10 cm, Beutel: 52 x 34 cm<\/p>\n<p>&nbsp;<\/p>\n<p>&nbsp;<\/p>\n[button color=\"accent-color\" hover_text_color_override=\"#fff\" size=\"large\" url=\"mailto:ahuelsmann@trik.de?subject=Newsletter-Anfrage%20Packtaschen-Set\" text=\"Produkt anfragen\" color_override=\"\"]\n","protected":false},"featured_media":8627,"template":"","meta":[],"product_brand":[],"product_cat":[68],"product_tag":[],"class_list":{"0":"post-8612","1":"product","2":"type-product","3":"status-publish","4":"has-post-thumbnail","6":"product_cat-newsletter","8":"first","9":"instock","10":"shipping-taxable","11":"product-type-simple"},"_links":{"self":[{"href":"https:\/\/www.trik.de\/en\/wp-json\/wp\/v2\/product\/8612","targetHints":{"allow":["GET"]}}],"collection":[{"href":"https:\/\/www.trik.de\/en\/wp-json\/wp\/v2\/product"}],"about":[{"href":"https:\/\/www.trik.de\/en\/wp-json\/wp\/v2\/types\/product"}],"wp:featuredmedia":[{"embeddable":true,"href":"https:\/\/www.trik.de\/en\/wp-json\/wp\/v2\/media\/8627"}],"wp:attachment":[{"href":"https:\/\/www.trik.de\/en\/wp-json\/wp\/v2\/media?parent=8612"}],"wp:term":[{"taxonomy":"product_brand","embeddable":true,"href":"https:\/\/www.trik.de\/en\/wp-json\/wp\/v2\/product_brand?post=8612"},{"taxonomy":"product_cat","embeddable":true,"href":"https:\/\/www.trik.de\/en\/wp-json\/wp\/v2\/product_cat?post=8612"},{"taxonomy":"product_tag","embeddable":true,"href":"https:\/\/www.trik.de\/en\/wp-json\/wp\/v2\/product_tag?post=8612"}],"curies":[{"name":"wp","href":"https:\/\/api.w.org\/{rel}","templated":true}]}}