{"id":8611,"date":"2024-03-18T08:55:01","date_gmt":"2024-03-18T08:55:01","guid":{"rendered":"https:\/\/www.trik.de\/?post_type=product&#038;p=8611"},"modified":"2024-03-19T08:15:07","modified_gmt":"2024-03-19T08:15:07","slug":"nackenkissen","status":"publish","type":"product","link":"https:\/\/www.trik.de\/en\/produkt\/nackenkissen\/","title":{"rendered":"Nackenkissen"},"content":{"rendered":"","protected":false},"excerpt":{"rendered":"<p>Individuelle gestaltbare Nackenkissen. Die bequeme Nackenstu\u0308tze ist mit anschmiegsamen Styroporkugeln gefu\u0308llt und besteht aus weichem Velboa Plu\u0308sch. Das Au\u00dfenmaterial l\u00e4sst sich vollfl\u00e4chig einf\u00e4rben, bedrucken und besticken.<\/p>\n<p>&nbsp;<\/p>\n<p>&nbsp;<\/p>\n[button color=\"accent-color\" hover_text_color_override=\"#fff\" size=\"large\" url=\"mailto:ahuelsmann@trik.de?subject=Newsletter-Anfrage%20Nackenkissen\" text=\"Produkt anfragen\" color_override=\"\"]\n","protected":false},"featured_media":8613,"template":"","meta":[],"product_brand":[],"product_cat":[68],"product_tag":[],"class_list":{"0":"post-8611","1":"product","2":"type-product","3":"status-publish","4":"has-post-thumbnail","6":"product_cat-newsletter","8":"first","9":"instock","10":"shipping-taxable","11":"product-type-simple"},"_links":{"self":[{"href":"https:\/\/www.trik.de\/en\/wp-json\/wp\/v2\/product\/8611","targetHints":{"allow":["GET"]}}],"collection":[{"href":"https:\/\/www.trik.de\/en\/wp-json\/wp\/v2\/product"}],"about":[{"href":"https:\/\/www.trik.de\/en\/wp-json\/wp\/v2\/types\/product"}],"wp:featuredmedia":[{"embeddable":true,"href":"https:\/\/www.trik.de\/en\/wp-json\/wp\/v2\/media\/8613"}],"wp:attachment":[{"href":"https:\/\/www.trik.de\/en\/wp-json\/wp\/v2\/media?parent=8611"}],"wp:term":[{"taxonomy":"product_brand","embeddable":true,"href":"https:\/\/www.trik.de\/en\/wp-json\/wp\/v2\/product_brand?post=8611"},{"taxonomy":"product_cat","embeddable":true,"href":"https:\/\/www.trik.de\/en\/wp-json\/wp\/v2\/product_cat?post=8611"},{"taxonomy":"product_tag","embeddable":true,"href":"https:\/\/www.trik.de\/en\/wp-json\/wp\/v2\/product_tag?post=8611"}],"curies":[{"name":"wp","href":"https:\/\/api.w.org\/{rel}","templated":true}]}}