{"id":8576,"date":"2024-03-12T08:43:23","date_gmt":"2024-03-12T08:43:23","guid":{"rendered":"https:\/\/www.trik.de\/?post_type=product&#038;p=8576"},"modified":"2024-03-12T09:05:49","modified_gmt":"2024-03-12T09:05:49","slug":"handtuecher","status":"publish","type":"product","link":"https:\/\/www.trik.de\/en\/produkt\/handtuecher\/","title":{"rendered":"Handt\u00fccher"},"content":{"rendered":"","protected":false},"excerpt":{"rendered":"<p>Kompaktes G\u00e4stehandtuch oder gro\u00dfformatiges Strandhandtuch? Egal, welches Handtuch sie suchen, wir haben sie alle.<\/p>\n<p>Zum Beispiel aus Baumwolle, mit eingewebtem oder gesticktem Logo, mit Sublimationsdruck oder Hoch-Tief-Webung, gewebter oder bestickter Bord\u00fcre. Oder lieber ein Sporthandtuch aus Polyester und mit praktischer Rei\u00dfverschlusstasche auf der R\u00fcckseite f\u00fcr das perfekte Workout.<\/p>\n<p>&nbsp;<\/p>\n[button color=\"accent-color\" hover_text_color_override=\"#fff\" size=\"large\" url=\"mailto:ahuelsmann@trik.de?subject=Newsletter-Anfrage%20Handtuecher\" text=\"Produkt anfragen\" color_override=\"\"]\n","protected":false},"featured_media":8584,"template":"","meta":[],"product_brand":[],"product_cat":[68],"product_tag":[],"class_list":{"0":"post-8576","1":"product","2":"type-product","3":"status-publish","4":"has-post-thumbnail","6":"product_cat-newsletter","8":"first","9":"instock","10":"shipping-taxable","11":"product-type-simple"},"_links":{"self":[{"href":"https:\/\/www.trik.de\/en\/wp-json\/wp\/v2\/product\/8576","targetHints":{"allow":["GET"]}}],"collection":[{"href":"https:\/\/www.trik.de\/en\/wp-json\/wp\/v2\/product"}],"about":[{"href":"https:\/\/www.trik.de\/en\/wp-json\/wp\/v2\/types\/product"}],"wp:featuredmedia":[{"embeddable":true,"href":"https:\/\/www.trik.de\/en\/wp-json\/wp\/v2\/media\/8584"}],"wp:attachment":[{"href":"https:\/\/www.trik.de\/en\/wp-json\/wp\/v2\/media?parent=8576"}],"wp:term":[{"taxonomy":"product_brand","embeddable":true,"href":"https:\/\/www.trik.de\/en\/wp-json\/wp\/v2\/product_brand?post=8576"},{"taxonomy":"product_cat","embeddable":true,"href":"https:\/\/www.trik.de\/en\/wp-json\/wp\/v2\/product_cat?post=8576"},{"taxonomy":"product_tag","embeddable":true,"href":"https:\/\/www.trik.de\/en\/wp-json\/wp\/v2\/product_tag?post=8576"}],"curies":[{"name":"wp","href":"https:\/\/api.w.org\/{rel}","templated":true}]}}