{"id":8575,"date":"2024-03-12T08:42:57","date_gmt":"2024-03-12T08:42:57","guid":{"rendered":"https:\/\/www.trik.de\/?post_type=product&#038;p=8575"},"modified":"2024-03-12T09:05:37","modified_gmt":"2024-03-12T09:05:37","slug":"picknickdecken","status":"publish","type":"product","link":"https:\/\/www.trik.de\/en\/produkt\/picknickdecken\/","title":{"rendered":"Picknickdecken"},"content":{"rendered":"","protected":false},"excerpt":{"rendered":"<p>Picknickdecken mit kuscheligem Polar Fleece Oberstoff und strapazierf\u00e4higer, wasserabweisender R\u00fcckseite. Im gew\u00fcnschten Format und im Sublimationsdruck nach Ihren Vorgaben gestaltet.<\/p>\n<p>Auf Wunsch mit \u00dcberschlag und Tragegriff und vielen weiteren Optionen.<\/p>\n<p>&nbsp;<\/p>\n<p>Mindestbestellmenge: 100 St\u00fcck<\/p>\n<p>&nbsp;<\/p>\n[button color=\"accent-color\" hover_text_color_override=\"#fff\" size=\"large\" url=\"mailto:ahuelsmann@trik.de?subject=Newsletter-Anfrage%20Picknickdecken\" text=\"Produkt anfragen\" color_override=\"\"]\n","protected":false},"featured_media":8606,"template":"","meta":[],"product_brand":[],"product_cat":[68],"product_tag":[],"class_list":{"0":"post-8575","1":"product","2":"type-product","3":"status-publish","4":"has-post-thumbnail","6":"product_cat-newsletter","8":"first","9":"instock","10":"shipping-taxable","11":"product-type-simple"},"_links":{"self":[{"href":"https:\/\/www.trik.de\/en\/wp-json\/wp\/v2\/product\/8575","targetHints":{"allow":["GET"]}}],"collection":[{"href":"https:\/\/www.trik.de\/en\/wp-json\/wp\/v2\/product"}],"about":[{"href":"https:\/\/www.trik.de\/en\/wp-json\/wp\/v2\/types\/product"}],"wp:featuredmedia":[{"embeddable":true,"href":"https:\/\/www.trik.de\/en\/wp-json\/wp\/v2\/media\/8606"}],"wp:attachment":[{"href":"https:\/\/www.trik.de\/en\/wp-json\/wp\/v2\/media?parent=8575"}],"wp:term":[{"taxonomy":"product_brand","embeddable":true,"href":"https:\/\/www.trik.de\/en\/wp-json\/wp\/v2\/product_brand?post=8575"},{"taxonomy":"product_cat","embeddable":true,"href":"https:\/\/www.trik.de\/en\/wp-json\/wp\/v2\/product_cat?post=8575"},{"taxonomy":"product_tag","embeddable":true,"href":"https:\/\/www.trik.de\/en\/wp-json\/wp\/v2\/product_tag?post=8575"}],"curies":[{"name":"wp","href":"https:\/\/api.w.org\/{rel}","templated":true}]}}