{"id":8565,"date":"2024-02-27T09:35:04","date_gmt":"2024-02-27T09:35:04","guid":{"rendered":"https:\/\/www.trik.de\/?post_type=product&#038;p=8565"},"modified":"2025-07-21T08:42:22","modified_gmt":"2025-07-21T08:42:22","slug":"lace-tags","status":"publish","type":"product","link":"https:\/\/www.trik.de\/en\/produkt\/lace-tags\/","title":{"rendered":"Lace Tags"},"content":{"rendered":"","protected":false},"excerpt":{"rendered":"<p>Schn\u00fcrsenkel-Tags im individuellen Design. Aus Metall oder Kunststoff, als Standard oder in Sonderform, matt oder gl\u00e4nzend, mit Logodruck, Gravur, Doming, Pr\u00e4gung oder emalliert &#8211; Lace Tags sind ein perfekter Werbetr\u00e4ger.<\/p>\n<p>&nbsp;<\/p>\n<p>Mindestbestellmenge: 200 Sets (\u00e0 2 St\u00fcck)<\/p>\n<p>&nbsp;<\/p>\n[button color=\"accent-color\" hover_text_color_override=\"#fff\" size=\"large\" url=\"mailto:ahuelsmann@trik.de?subject=Newsletter-Anfrage%20Lace%20Tags\" text=\"Produkt anfragen\" color_override=\"\"]\n","protected":false},"featured_media":8568,"template":"","meta":[],"product_brand":[],"product_cat":[68],"product_tag":[],"class_list":{"0":"post-8565","1":"product","2":"type-product","3":"status-publish","4":"has-post-thumbnail","6":"product_cat-newsletter","8":"first","9":"instock","10":"shipping-taxable","11":"product-type-simple"},"_links":{"self":[{"href":"https:\/\/www.trik.de\/en\/wp-json\/wp\/v2\/product\/8565","targetHints":{"allow":["GET"]}}],"collection":[{"href":"https:\/\/www.trik.de\/en\/wp-json\/wp\/v2\/product"}],"about":[{"href":"https:\/\/www.trik.de\/en\/wp-json\/wp\/v2\/types\/product"}],"wp:featuredmedia":[{"embeddable":true,"href":"https:\/\/www.trik.de\/en\/wp-json\/wp\/v2\/media\/8568"}],"wp:attachment":[{"href":"https:\/\/www.trik.de\/en\/wp-json\/wp\/v2\/media?parent=8565"}],"wp:term":[{"taxonomy":"product_brand","embeddable":true,"href":"https:\/\/www.trik.de\/en\/wp-json\/wp\/v2\/product_brand?post=8565"},{"taxonomy":"product_cat","embeddable":true,"href":"https:\/\/www.trik.de\/en\/wp-json\/wp\/v2\/product_cat?post=8565"},{"taxonomy":"product_tag","embeddable":true,"href":"https:\/\/www.trik.de\/en\/wp-json\/wp\/v2\/product_tag?post=8565"}],"curies":[{"name":"wp","href":"https:\/\/api.w.org\/{rel}","templated":true}]}}