{"id":8498,"date":"2024-02-20T08:47:35","date_gmt":"2024-02-20T08:47:35","guid":{"rendered":"https:\/\/www.trik.de\/?post_type=product&#038;p=8498"},"modified":"2024-02-20T09:10:35","modified_gmt":"2024-02-20T09:10:35","slug":"3d-objekte-aus-metall","status":"publish","type":"product","link":"https:\/\/www.trik.de\/en\/produkt\/3d-objekte-aus-metall\/","title":{"rendered":"3D Objekte aus Metall"},"content":{"rendered":"","protected":false},"excerpt":{"rendered":"<p>Setzen sie Ihr Produkt als Miniatur und mit Zusatznutzen in Szene. Ob als Schl\u00fcsselanh\u00e4nger, oder einfach als Dekorationsobjekt, Ihr Produkt ist der Star.<\/p>\n<p>Die hier gezeigten Modelle k\u00f6nnen poliert oder lackiert geliefert werden. Auch die Verpackung wird exakt auf Ihre Bed\u00fcrfnisse zugeschnitten, f\u00fcr die \u00dcbergabe vor Ort, oder als Porto-optimiertes Direct-Mailing.<\/p>\n<p>&nbsp;<\/p>\n<p>Mindestbestellmenge: nach Ausf\u00fchrung<\/p>\n<p>&nbsp;<\/p>\n[button color=\"accent-color\" hover_text_color_override=\"#fff\" size=\"large\" url=\"mailto:ahuelsmann@trik.de?subject=Newsletter-Anfrage%203D%20Objekte%20aus%20Metall\" text=\"Produkt anfragen\" color_override=\"\"]\n","protected":false},"featured_media":8511,"template":"","meta":[],"product_brand":[],"product_cat":[68],"product_tag":[],"class_list":{"0":"post-8498","1":"product","2":"type-product","3":"status-publish","4":"has-post-thumbnail","6":"product_cat-newsletter","8":"first","9":"instock","10":"shipping-taxable","11":"product-type-simple"},"_links":{"self":[{"href":"https:\/\/www.trik.de\/en\/wp-json\/wp\/v2\/product\/8498","targetHints":{"allow":["GET"]}}],"collection":[{"href":"https:\/\/www.trik.de\/en\/wp-json\/wp\/v2\/product"}],"about":[{"href":"https:\/\/www.trik.de\/en\/wp-json\/wp\/v2\/types\/product"}],"wp:featuredmedia":[{"embeddable":true,"href":"https:\/\/www.trik.de\/en\/wp-json\/wp\/v2\/media\/8511"}],"wp:attachment":[{"href":"https:\/\/www.trik.de\/en\/wp-json\/wp\/v2\/media?parent=8498"}],"wp:term":[{"taxonomy":"product_brand","embeddable":true,"href":"https:\/\/www.trik.de\/en\/wp-json\/wp\/v2\/product_brand?post=8498"},{"taxonomy":"product_cat","embeddable":true,"href":"https:\/\/www.trik.de\/en\/wp-json\/wp\/v2\/product_cat?post=8498"},{"taxonomy":"product_tag","embeddable":true,"href":"https:\/\/www.trik.de\/en\/wp-json\/wp\/v2\/product_tag?post=8498"}],"curies":[{"name":"wp","href":"https:\/\/api.w.org\/{rel}","templated":true}]}}