{"id":8497,"date":"2024-02-20T08:31:18","date_gmt":"2024-02-20T08:31:18","guid":{"rendered":"https:\/\/www.trik.de\/?post_type=product&#038;p=8497"},"modified":"2024-02-20T09:11:01","modified_gmt":"2024-02-20T09:11:01","slug":"corporate-flaschenoeffner-aus-metall","status":"publish","type":"product","link":"https:\/\/www.trik.de\/en\/produkt\/corporate-flaschenoeffner-aus-metall\/","title":{"rendered":"Corporate Flaschen\u00f6ffner aus Metall"},"content":{"rendered":"","protected":false},"excerpt":{"rendered":"<p>Einzigartige Flaschen\u00f6ffner, deren Funktion perfekt ins Logo integriert wird. Ob gl\u00e4nzend oder matt, metallisch oder farbig gestaltet, die M\u00f6glichkeiten sind vielf\u00e4ltig.<\/p>\n<p>Standard war gestern. Kreieren sie mit uns Ihr pers\u00f6nliches Produkt.<\/p>\n<p>&nbsp;<\/p>\n<p>Mindestbestellmenge: nach Ausf\u00fchrung<\/p>\n<p>&nbsp;<\/p>\n[button color=\"accent-color\" hover_text_color_override=\"#fff\" size=\"large\" url=\"mailto:ahuelsmann@trik.de?subject=Newsletter-Anfrage%20Flaschenoeffner\" text=\"Produkt anfragen\" color_override=\"\"]\n","protected":false},"featured_media":8462,"template":"","meta":[],"product_brand":[],"product_cat":[68],"product_tag":[],"class_list":{"0":"post-8497","1":"product","2":"type-product","3":"status-publish","4":"has-post-thumbnail","6":"product_cat-newsletter","8":"first","9":"instock","10":"shipping-taxable","11":"product-type-simple"},"_links":{"self":[{"href":"https:\/\/www.trik.de\/en\/wp-json\/wp\/v2\/product\/8497","targetHints":{"allow":["GET"]}}],"collection":[{"href":"https:\/\/www.trik.de\/en\/wp-json\/wp\/v2\/product"}],"about":[{"href":"https:\/\/www.trik.de\/en\/wp-json\/wp\/v2\/types\/product"}],"wp:featuredmedia":[{"embeddable":true,"href":"https:\/\/www.trik.de\/en\/wp-json\/wp\/v2\/media\/8462"}],"wp:attachment":[{"href":"https:\/\/www.trik.de\/en\/wp-json\/wp\/v2\/media?parent=8497"}],"wp:term":[{"taxonomy":"product_brand","embeddable":true,"href":"https:\/\/www.trik.de\/en\/wp-json\/wp\/v2\/product_brand?post=8497"},{"taxonomy":"product_cat","embeddable":true,"href":"https:\/\/www.trik.de\/en\/wp-json\/wp\/v2\/product_cat?post=8497"},{"taxonomy":"product_tag","embeddable":true,"href":"https:\/\/www.trik.de\/en\/wp-json\/wp\/v2\/product_tag?post=8497"}],"curies":[{"name":"wp","href":"https:\/\/api.w.org\/{rel}","templated":true}]}}