{"id":8461,"date":"2024-02-20T08:22:56","date_gmt":"2024-02-20T08:22:56","guid":{"rendered":"https:\/\/www.trik.de\/?post_type=product&#038;p=8461"},"modified":"2024-02-20T09:09:28","modified_gmt":"2024-02-20T09:09:28","slug":"schluesselbaender-x-lanyards","status":"publish","type":"product","link":"https:\/\/www.trik.de\/en\/produkt\/schluesselbaender-x-lanyards\/","title":{"rendered":"Schl\u00fcsselb\u00e4nder X Lanyards"},"content":{"rendered":"","protected":false},"excerpt":{"rendered":"<p>Schl\u00fcsselb\u00e4nder in jeder m\u00f6glichen Ausf\u00fchrung. In verschiedenen Druckverfahren fertigen wir Ihr Lanyard nachhaltig aus Recyclingmaterialien, als echtes Schmuckst\u00fcck. Mit gewebten Motiven, mit Satinband und reflektierenden Akzenten, mit Flaschen\u00f6ffner, Safety-Clip und vielen weiteren Accessoires.<\/p>\n<p>Bandbreiten: 10 mm \/ 15 mm \/ 20 mm \/ 25 mm<\/p>\n<p>Ausf\u00fchrung: Druck, Webung, Heattransfer, Satinband<\/p>\n<p>Clip: Kunststoff, Metall, mit Flaschen\u00f6ffner, Safety-Clip<\/p>\n<p>Optional mit Ausweish\u00fclle, Spule, Ausweiskarte und verschiedenen Haken<\/p>\n<p>Mindestbestellmenge: nach Ausf\u00fchrung<\/p>\n<p>&nbsp;<\/p>\n[button color=\"accent-color\" hover_text_color_override=\"#fff\" size=\"large\" url=\"mailto:ahuelsmann@trik.de?subject=Newsletter-Anfrage%20Lanyards\" text=\"Produkt anfragen\" color_override=\"\"]\n","protected":false},"featured_media":8468,"template":"","meta":[],"product_brand":[],"product_cat":[68],"product_tag":[],"class_list":{"0":"post-8461","1":"product","2":"type-product","3":"status-publish","4":"has-post-thumbnail","6":"product_cat-newsletter","8":"first","9":"instock","10":"shipping-taxable","11":"product-type-simple"},"_links":{"self":[{"href":"https:\/\/www.trik.de\/en\/wp-json\/wp\/v2\/product\/8461","targetHints":{"allow":["GET"]}}],"collection":[{"href":"https:\/\/www.trik.de\/en\/wp-json\/wp\/v2\/product"}],"about":[{"href":"https:\/\/www.trik.de\/en\/wp-json\/wp\/v2\/types\/product"}],"wp:featuredmedia":[{"embeddable":true,"href":"https:\/\/www.trik.de\/en\/wp-json\/wp\/v2\/media\/8468"}],"wp:attachment":[{"href":"https:\/\/www.trik.de\/en\/wp-json\/wp\/v2\/media?parent=8461"}],"wp:term":[{"taxonomy":"product_brand","embeddable":true,"href":"https:\/\/www.trik.de\/en\/wp-json\/wp\/v2\/product_brand?post=8461"},{"taxonomy":"product_cat","embeddable":true,"href":"https:\/\/www.trik.de\/en\/wp-json\/wp\/v2\/product_cat?post=8461"},{"taxonomy":"product_tag","embeddable":true,"href":"https:\/\/www.trik.de\/en\/wp-json\/wp\/v2\/product_tag?post=8461"}],"curies":[{"name":"wp","href":"https:\/\/api.w.org\/{rel}","templated":true}]}}