{"id":8429,"date":"2024-02-12T11:32:21","date_gmt":"2024-02-12T11:32:21","guid":{"rendered":"https:\/\/www.trik.de\/?post_type=product&#038;p=8429"},"modified":"2024-02-20T09:12:01","modified_gmt":"2024-02-20T09:12:01","slug":"goldhasen-in-praesentverpackung","status":"publish","type":"product","link":"https:\/\/www.trik.de\/en\/produkt\/goldhasen-in-praesentverpackung\/","title":{"rendered":"Goldhasen in Pr\u00e4sentverpackung"},"content":{"rendered":"","protected":false},"excerpt":{"rendered":"<p>Eine s\u00fc\u00dfe Kleinigkeit sind die Original Lindt Goldhasen in verschiedenen Gr\u00f6\u00dfen. Im individuell bedruckten Werbeaufsteller oder verpackt in einer Werbekartonage. Unsere Pr\u00e4sentverpackungen sind FSC\u00ae-zertifiziert.<\/p>\n<p>Format: ca. 56 x 37 x 29 mm (10g)<br \/>\nFormat: ca. 95 x 69 x 42 mm (50g)<\/p>\n<p>Bedruckung: High-End Digitaldruck, bzw. Offsetdruck, 4-farbig, ganz individuell nach Ihren Vorlagen. F\u00fcr einen unverbindlichen Gestaltungsvorschlag senden Sie uns einfach Ihr Logo.<\/p>\n<p>Inhalt: 1 Goldhase (10 g\/50 g) von Lindt, aus Alpenvollmilch-Schokolade, mit angeh\u00e4ngtem Gl\u00f6ckchen<\/p>\n<p>Mindestbestellmenge: 100 St\u00fcck (50 g) \/ 250 St\u00fcck (10 g)<\/p>\n<p>&nbsp;<\/p>\n[button color=\"accent-color\" hover_text_color_override=\"#fff\" size=\"large\" url=\"mailto:ahuelsmann@trik.de?subject=Newsletter-Anfrage%20Lindt%20Schokohasen\" text=\"Produkt anfragen\" color_override=\"\"]\n","protected":false},"featured_media":8434,"template":"","meta":[],"product_brand":[],"product_cat":[69],"product_tag":[],"class_list":{"0":"post-8429","1":"product","2":"type-product","3":"status-publish","4":"has-post-thumbnail","6":"product_cat-69","8":"first","9":"instock","10":"shipping-taxable","11":"product-type-simple"},"_links":{"self":[{"href":"https:\/\/www.trik.de\/en\/wp-json\/wp\/v2\/product\/8429","targetHints":{"allow":["GET"]}}],"collection":[{"href":"https:\/\/www.trik.de\/en\/wp-json\/wp\/v2\/product"}],"about":[{"href":"https:\/\/www.trik.de\/en\/wp-json\/wp\/v2\/types\/product"}],"wp:featuredmedia":[{"embeddable":true,"href":"https:\/\/www.trik.de\/en\/wp-json\/wp\/v2\/media\/8434"}],"wp:attachment":[{"href":"https:\/\/www.trik.de\/en\/wp-json\/wp\/v2\/media?parent=8429"}],"wp:term":[{"taxonomy":"product_brand","embeddable":true,"href":"https:\/\/www.trik.de\/en\/wp-json\/wp\/v2\/product_brand?post=8429"},{"taxonomy":"product_cat","embeddable":true,"href":"https:\/\/www.trik.de\/en\/wp-json\/wp\/v2\/product_cat?post=8429"},{"taxonomy":"product_tag","embeddable":true,"href":"https:\/\/www.trik.de\/en\/wp-json\/wp\/v2\/product_tag?post=8429"}],"curies":[{"name":"wp","href":"https:\/\/api.w.org\/{rel}","templated":true}]}}