{"id":8428,"date":"2024-02-12T11:35:15","date_gmt":"2024-02-12T11:35:15","guid":{"rendered":"https:\/\/www.trik.de\/?post_type=product&#038;p=8428"},"modified":"2024-02-20T09:12:07","modified_gmt":"2024-02-20T09:12:07","slug":"honig-set-mit-loeffel","status":"publish","type":"product","link":"https:\/\/www.trik.de\/en\/produkt\/honig-set-mit-loeffel\/","title":{"rendered":"Honig-Set mit L\u00f6ffel"},"content":{"rendered":"","protected":false},"excerpt":{"rendered":"<p>Honiggl\u00e4schen im Set mit einem h\u00f6lzernen Honigl\u00f6ffel, wird in einer individuell gestaltbaren \u00dcberreichverpackung zu einem s\u00fc\u00dfen Werbe-Pr\u00e4sent.<\/p>\n<p>Format: 61 x 130 x 41 mm<\/p>\n<p>Gewicht: 90 g \/ F\u00fcllgewicht: 28 g<\/p>\n<p>Bedruckung: Digitaldruck 4\/0-c Euroskala<\/p>\n<p>Mindestbestellmenge: 250 St\u00fcck<\/p>\n<p>&nbsp;<\/p>\n[button color=\"accent-color\" hover_text_color_override=\"#fff\" size=\"large\" url=\"mailto:ahuelsmann@trik.de?subject=Newsletter-Anfrage%20Honig-Set\" text=\"Produkt anfragen\" color_override=\"\"]\n","protected":false},"featured_media":8446,"template":"","meta":[],"product_brand":[],"product_cat":[69],"product_tag":[],"class_list":{"0":"post-8428","1":"product","2":"type-product","3":"status-publish","4":"has-post-thumbnail","6":"product_cat-69","8":"first","9":"instock","10":"shipping-taxable","11":"product-type-simple"},"_links":{"self":[{"href":"https:\/\/www.trik.de\/en\/wp-json\/wp\/v2\/product\/8428","targetHints":{"allow":["GET"]}}],"collection":[{"href":"https:\/\/www.trik.de\/en\/wp-json\/wp\/v2\/product"}],"about":[{"href":"https:\/\/www.trik.de\/en\/wp-json\/wp\/v2\/types\/product"}],"wp:featuredmedia":[{"embeddable":true,"href":"https:\/\/www.trik.de\/en\/wp-json\/wp\/v2\/media\/8446"}],"wp:attachment":[{"href":"https:\/\/www.trik.de\/en\/wp-json\/wp\/v2\/media?parent=8428"}],"wp:term":[{"taxonomy":"product_brand","embeddable":true,"href":"https:\/\/www.trik.de\/en\/wp-json\/wp\/v2\/product_brand?post=8428"},{"taxonomy":"product_cat","embeddable":true,"href":"https:\/\/www.trik.de\/en\/wp-json\/wp\/v2\/product_cat?post=8428"},{"taxonomy":"product_tag","embeddable":true,"href":"https:\/\/www.trik.de\/en\/wp-json\/wp\/v2\/product_tag?post=8428"}],"curies":[{"name":"wp","href":"https:\/\/api.w.org\/{rel}","templated":true}]}}